{"id":11118,"date":"2025-09-18T14:18:31","date_gmt":"2025-09-18T12:18:31","guid":{"rendered":"https:\/\/werkenbij.sidcon.nl\/offres-demploi\/"},"modified":"2026-04-03T09:04:33","modified_gmt":"2026-04-03T07:04:33","slug":"offres-demploi","status":"publish","type":"page","link":"https:\/\/werkenbij.sidcon.nl\/fr\/offres-demploi\/","title":{"rendered":"Offres d\u2019emploi"},"content":{"rendered":"\t\t<div data-elementor-type=\"wp-page\" data-elementor-id=\"11118\" class=\"elementor elementor-11118 elementor-109\" data-elementor-post-type=\"page\">\n\t\t\t\t<div class=\"elementor-element elementor-element-d8f3acc e-flex e-con-boxed e-con e-parent\" data-id=\"d8f3acc\" data-element_type=\"container\" data-e-type=\"container\" data-settings=\"{&quot;background_background&quot;:&quot;gradient&quot;}\">\n\t\t\t\t\t<div class=\"e-con-inner\">\n\t\t<div class=\"elementor-element elementor-element-c583c8d e-con-full e-flex e-con e-child\" data-id=\"c583c8d\" data-element_type=\"container\" data-e-type=\"container\" data-settings=\"{&quot;background_background&quot;:&quot;classic&quot;}\">\n\t\t\t\t<div class=\"elementor-element elementor-element-a26b417 elementor-widget elementor-widget-heading\" data-id=\"a26b417\" data-element_type=\"widget\" data-e-type=\"widget\" data-widget_type=\"heading.default\">\n\t\t\t\t\t<h1 class=\"elementor-heading-title elementor-size-default\">Nos offres d\u2019emploi<\/h1>\t\t\t\t<\/div>\n\t\t\t\t<div class=\"elementor-element elementor-element-01eabac elementor-widget-divider--view-line elementor-widget elementor-widget-divider\" data-id=\"01eabac\" data-element_type=\"widget\" data-e-type=\"widget\" data-widget_type=\"divider.default\">\n\t\t\t\t\t\t\t<div class=\"elementor-divider\">\n\t\t\t<span class=\"elementor-divider-separator\">\n\t\t\t\t\t\t<\/span>\n\t\t<\/div>\n\t\t\t\t\t\t<\/div>\n\t\t\t\t<\/div>\n\t\t<div class=\"elementor-element elementor-element-cfa94ad e-con-full e-flex e-con e-child\" data-id=\"cfa94ad\" data-element_type=\"container\" data-e-type=\"container\">\n\t\t\t\t<div class=\"elementor-element elementor-element-2131dfd elementor-grid-3 elementor-grid-tablet-2 elementor-grid-mobile-1 elementor-widget elementor-widget-loop-grid\" data-id=\"2131dfd\" data-element_type=\"widget\" data-e-type=\"widget\" data-settings=\"{&quot;template_id&quot;:10984,&quot;pagination_type&quot;:&quot;numbers&quot;,&quot;_skin&quot;:&quot;post&quot;,&quot;columns&quot;:&quot;3&quot;,&quot;columns_tablet&quot;:&quot;2&quot;,&quot;columns_mobile&quot;:&quot;1&quot;,&quot;edit_handle_selector&quot;:&quot;[data-elementor-type=\\&quot;loop-item\\&quot;]&quot;,&quot;pagination_load_type&quot;:&quot;page_reload&quot;,&quot;row_gap&quot;:{&quot;unit&quot;:&quot;px&quot;,&quot;size&quot;:&quot;&quot;,&quot;sizes&quot;:[]},&quot;row_gap_tablet&quot;:{&quot;unit&quot;:&quot;px&quot;,&quot;size&quot;:&quot;&quot;,&quot;sizes&quot;:[]},&quot;row_gap_mobile&quot;:{&quot;unit&quot;:&quot;px&quot;,&quot;size&quot;:&quot;&quot;,&quot;sizes&quot;:[]}}\" data-widget_type=\"loop-grid.post\">\n\t\t\t\t<div class=\"elementor-widget-container\">\n\t\t\t\t\t\t\t<div class=\"elementor-loop-container elementor-grid\" role=\"list\">\n\t\t<style id=\"loop-10984\">.elementor-10984 .elementor-element.elementor-element-7cc177de{--display:flex;--flex-direction:column;--container-widget-width:100%;--container-widget-height:initial;--container-widget-flex-grow:0;--container-widget-align-self:initial;--flex-wrap-mobile:wrap;--justify-content:flex-end;--gap:10px 10px;--row-gap:10px;--column-gap:10px;--overlay-opacity:1;--border-radius:0px 0px 0px 0px;box-shadow:0px 25px 62px -46px rgba(0, 0, 0, 0.22);--padding-top:0px;--padding-bottom:0px;--padding-left:0px;--padding-right:0px;}.elementor-10984 .elementor-element.elementor-element-7cc177de:not(.elementor-motion-effects-element-type-background), .elementor-10984 .elementor-element.elementor-element-7cc177de > .elementor-motion-effects-container > .elementor-motion-effects-layer{background-color:#FFFFFF;}.elementor-10984 .elementor-element.elementor-element-7cc177de::before, .elementor-10984 .elementor-element.elementor-element-7cc177de > .elementor-background-video-container::before, .elementor-10984 .elementor-element.elementor-element-7cc177de > .e-con-inner > .elementor-background-video-container::before, .elementor-10984 .elementor-element.elementor-element-7cc177de > .elementor-background-slideshow::before, .elementor-10984 .elementor-element.elementor-element-7cc177de > .e-con-inner > .elementor-background-slideshow::before, .elementor-10984 .elementor-element.elementor-element-7cc177de > .elementor-motion-effects-container > .elementor-motion-effects-layer::before{--background-overlay:'';}.elementor-10984 .elementor-element.elementor-element-7cc177de:hover{box-shadow:0px 20px 68px -46px rgba(0,0,0,0.5);}.elementor-10984 .elementor-element.elementor-element-25c66e8 img{width:100%;height:238px;object-fit:cover;object-position:center center;border-radius:0px 0px 0px 0px;}.elementor-10984 .elementor-element.elementor-element-25c66e8{margin:0px 0px calc(var(--kit-widget-spacing, 0px) + 0px) 0px;}.elementor-10984 .elementor-element.elementor-element-71409dc1{--display:flex;border-style:solid;--border-style:solid;border-width:0px 1px 1px 1px;--border-top-width:0px;--border-right-width:1px;--border-bottom-width:1px;--border-left-width:1px;border-color:var( --e-global-color-accent );--border-color:var( --e-global-color-accent );--padding-top:20px;--padding-bottom:30px;--padding-left:20px;--padding-right:20px;}.elementor-10984 .elementor-element.elementor-element-71409dc1.e-con{--flex-grow:1;--flex-shrink:0;}.elementor-10984 .elementor-element.elementor-element-2bd2d81e{text-align:start;}.elementor-10984 .elementor-element.elementor-element-2bd2d81e .elementor-heading-title{font-size:20px;font-weight:700;color:var( --e-global-color-text );}.elementor-10984 .elementor-element.elementor-element-78c9ba06 .elementor-icon-list-icon i{color:var( --e-global-color-secondary );transition:color 0.3s;}.elementor-10984 .elementor-element.elementor-element-78c9ba06 .elementor-icon-list-icon svg{fill:var( --e-global-color-secondary );transition:fill 0.3s;}.elementor-10984 .elementor-element.elementor-element-78c9ba06{--e-icon-list-icon-size:16px;--icon-vertical-offset:0px;margin:0px 0px calc(var(--kit-widget-spacing, 0px) + 0px) 0px;padding:0px 0px 0px 0px;}.elementor-10984 .elementor-element.elementor-element-78c9ba06 .elementor-icon-list-item > .elementor-icon-list-text, .elementor-10984 .elementor-element.elementor-element-78c9ba06 .elementor-icon-list-item > a{font-size:16px;font-weight:500;}.elementor-10984 .elementor-element.elementor-element-78c9ba06 .elementor-icon-list-text{transition:color 0.3s;}.elementor-10984 .elementor-element.elementor-element-6f2b4e3b{color:var( --e-global-color-text );margin:0px 0px calc(var(--kit-widget-spacing, 0px) + -15px) 0px;}.elementor-10984 .elementor-element.elementor-element-6f2b4e3b.elementor-element{--flex-grow:1;--flex-shrink:0;}@media(min-width:768px){.elementor-10984 .elementor-element.elementor-element-7cc177de{--width:100%;}}<\/style>\t\t<div data-elementor-type=\"loop-item\" data-elementor-id=\"10984\" class=\"elementor elementor-10984 elementor-31 elementor-31 e-loop-item e-loop-item-11120 post-11120 vacatures type-vacatures status-publish has-post-thumbnail hentry\" data-elementor-post-type=\"elementor_library\" data-custom-edit-handle=\"1\">\n\t\t\t<a class=\"elementor-element elementor-element-7cc177de e-con-full e-flex e-con e-child\" data-id=\"7cc177de\" data-element_type=\"container\" data-e-type=\"container\" data-settings=\"{&quot;background_background&quot;:&quot;classic&quot;}\" href=\"https:\/\/werkenbij.sidcon.nl\/fr\/vacatures\/candidature-spontanee-stage\/\">\n\t\t\t\t<div class=\"elementor-element elementor-element-25c66e8 elementor-widget elementor-widget-image\" data-id=\"25c66e8\" data-element_type=\"widget\" data-e-type=\"widget\" data-widget_type=\"image.default\">\n\t\t\t\t\t\t\t\t\t\t\t\t\t\t\t<img fetchpriority=\"high\" decoding=\"async\" width=\"800\" height=\"529\" src=\"https:\/\/werkenbij.sidcon.nl\/wp-content\/uploads\/2024\/01\/1-Productie-Sidcon-perscontainer-e1732612724719-1024x677.jpg\" class=\"attachment-large size-large wp-image-11121\" alt=\"\" srcset=\"https:\/\/werkenbij.sidcon.nl\/wp-content\/uploads\/2024\/01\/1-Productie-Sidcon-perscontainer-e1732612724719-1024x677.jpg 1024w, https:\/\/werkenbij.sidcon.nl\/wp-content\/uploads\/2024\/01\/1-Productie-Sidcon-perscontainer-e1732612724719-300x198.jpg 300w, https:\/\/werkenbij.sidcon.nl\/wp-content\/uploads\/2024\/01\/1-Productie-Sidcon-perscontainer-e1732612724719-768x508.jpg 768w, https:\/\/werkenbij.sidcon.nl\/wp-content\/uploads\/2024\/01\/1-Productie-Sidcon-perscontainer-e1732612724719-1536x1015.jpg 1536w, https:\/\/werkenbij.sidcon.nl\/wp-content\/uploads\/2024\/01\/1-Productie-Sidcon-perscontainer-e1732612724719.jpg 1865w\" sizes=\"(max-width: 800px) 100vw, 800px\" \/>\t\t\t\t\t\t\t\t\t\t\t\t\t\t\t<\/div>\n\t\t<div class=\"elementor-element elementor-element-71409dc1 e-con-full e-flex e-con e-child\" data-id=\"71409dc1\" data-element_type=\"container\" data-e-type=\"container\">\n\t\t\t\t<div class=\"elementor-element elementor-element-2bd2d81e elementor-widget elementor-widget-heading\" data-id=\"2bd2d81e\" data-element_type=\"widget\" data-e-type=\"widget\" data-widget_type=\"heading.default\">\n\t\t\t\t\t<h2 class=\"elementor-heading-title elementor-size-default\">Candidature spontan\u00e9e Stage<\/h2>\t\t\t\t<\/div>\n\t\t\t\t<div class=\"elementor-element elementor-element-78c9ba06 elementor-icon-list--layout-inline elementor-list-item-link-full_width elementor-widget elementor-widget-icon-list\" data-id=\"78c9ba06\" data-element_type=\"widget\" data-e-type=\"widget\" data-widget_type=\"icon-list.default\">\n\t\t\t\t\t\t\t<ul class=\"elementor-icon-list-items elementor-inline-items\">\n\t\t\t\t\t\t\t<li class=\"elementor-icon-list-item elementor-inline-item\">\n\t\t\t\t\t\t\t\t\t\t\t<span class=\"elementor-icon-list-icon\">\n\t\t\t\t\t\t\t<svg xmlns=\"http:\/\/www.w3.org\/2000\/svg\" id=\"Outline\" viewBox=\"0 0 24 24\" width=\"512\" height=\"512\"><path d=\"M12,0A12,12,0,1,0,24,12,12.013,12.013,0,0,0,12,0Zm0,22A10,10,0,1,1,22,12,10.011,10.011,0,0,1,12,22Z\"><\/path><path d=\"M12,6a1,1,0,0,0-1,1v4.325L7.629,13.437a1,1,0,0,0,1.062,1.7l3.84-2.4A1,1,0,0,0,13,11.879V7A1,1,0,0,0,12,6Z\"><\/path><\/svg>\t\t\t\t\t\t<\/span>\n\t\t\t\t\t\t\t\t\t\t<span class=\"elementor-icon-list-text\">40<\/span>\n\t\t\t\t\t\t\t\t\t<\/li>\n\t\t\t\t\t\t\t\t<li class=\"elementor-icon-list-item elementor-inline-item\">\n\t\t\t\t\t\t\t\t\t\t\t<span class=\"elementor-icon-list-icon\">\n\t\t\t\t\t\t\t<svg xmlns=\"http:\/\/www.w3.org\/2000\/svg\" xmlns:xlink=\"http:\/\/www.w3.org\/1999\/xlink\" id=\"Layer_1\" x=\"0px\" y=\"0px\" viewBox=\"0 0 512 512\" style=\"enable-background:new 0 0 512 512;\" xml:space=\"preserve\" width=\"512\" height=\"512\"> <path d=\"M470.549,111.573L313.237,36.629c-34.628-20.684-77.728-21.051-112.704-0.96L41.451,111.573 c-0.597,0.299-1.216,0.619-1.792,0.96c-37.752,21.586-50.858,69.689-29.272,107.441c7.317,12.798,18.08,23.284,31.064,30.266 l43.883,20.907V375.68c0.026,46.743,30.441,88.039,75.072,101.931c31.059,8.985,63.264,13.384,95.595,13.056 c32.326,0.362,64.531-4,95.595-12.949c44.631-13.891,75.046-55.188,75.072-101.931V271.104l42.667-20.395v175.957 c0,11.782,9.551,21.333,21.333,21.333c11.782,0,21.333-9.551,21.333-21.333v-256C512.143,145.615,492.363,122.473,470.549,111.573z M384,375.787c0.011,27.959-18.129,52.69-44.8,61.077c-27.046,7.728-55.073,11.479-83.2,11.136 c-28.127,0.343-56.154-3.408-83.2-11.136c-26.671-8.388-44.811-33.118-44.8-61.077v-84.309l70.763,33.707 c17.46,10.368,37.401,15.816,57.707,15.765c19.328,0.137,38.331-4.98,54.976-14.805L384,291.477V375.787z M452.267,211.733 l-160.896,76.8c-22.434,13.063-50.241,12.693-72.32-0.96l-157.419-74.88c-17.547-9.462-24.101-31.357-14.639-48.903 c3.2-5.934,7.998-10.853,13.85-14.201l159.893-76.373c22.441-13.034,50.233-12.665,72.32,0.96l157.312,74.944 c11.569,6.424,18.807,18.555,18.965,31.787C469.354,193.441,462.9,205.097,452.267,211.733L452.267,211.733z\"><\/path> <\/svg>\t\t\t\t\t\t<\/span>\n\t\t\t\t\t\t\t\t\t\t<span class=\"elementor-icon-list-text\">HBO<\/span>\n\t\t\t\t\t\t\t\t\t<\/li>\n\t\t\t\t\t\t<\/ul>\n\t\t\t\t\t\t<\/div>\n\t\t\t\t<div class=\"elementor-element elementor-element-6f2b4e3b elementor-widget elementor-widget-theme-post-excerpt\" data-id=\"6f2b4e3b\" data-element_type=\"widget\" data-e-type=\"widget\" data-widget_type=\"theme-post-excerpt.default\">\n\t\t\t\t\t<p>Tu es \u00e9tudiant(e) et tu recherches un stage pour acqu\u00e9rir de l\u2019exp\u00e9rience professionnelle ? Tu t\u2019int\u00e9resses\t\t\t\t<\/div>\n\t\t\t\t<\/div>\n\t\t\t\t<\/a>\n\t\t\t\t<\/div>\n\t\t\t\t<div data-elementor-type=\"loop-item\" data-elementor-id=\"10984\" class=\"elementor elementor-10984 elementor-31 elementor-31 e-loop-item e-loop-item-11122 post-11122 vacatures type-vacatures status-publish has-post-thumbnail hentry\" data-elementor-post-type=\"elementor_library\" data-custom-edit-handle=\"1\">\n\t\t\t<a class=\"elementor-element elementor-element-7cc177de e-con-full e-flex e-con e-child\" data-id=\"7cc177de\" data-element_type=\"container\" data-e-type=\"container\" data-settings=\"{&quot;background_background&quot;:&quot;classic&quot;}\" href=\"https:\/\/werkenbij.sidcon.nl\/fr\/vacatures\/candidature-spontanee\/\">\n\t\t\t\t<div class=\"elementor-element elementor-element-25c66e8 elementor-widget elementor-widget-image\" data-id=\"25c66e8\" data-element_type=\"widget\" data-e-type=\"widget\" data-widget_type=\"image.default\">\n\t\t\t\t\t\t\t\t\t\t\t\t\t\t\t<img decoding=\"async\" width=\"800\" height=\"534\" src=\"https:\/\/werkenbij.sidcon.nl\/wp-content\/uploads\/2024\/11\/Sidcon-86-1024x683.jpg\" class=\"attachment-large size-large wp-image-10756\" alt=\"\" srcset=\"https:\/\/werkenbij.sidcon.nl\/wp-content\/uploads\/2024\/11\/Sidcon-86-1024x683.jpg 1024w, https:\/\/werkenbij.sidcon.nl\/wp-content\/uploads\/2024\/11\/Sidcon-86-300x200.jpg 300w, https:\/\/werkenbij.sidcon.nl\/wp-content\/uploads\/2024\/11\/Sidcon-86-768x512.jpg 768w, https:\/\/werkenbij.sidcon.nl\/wp-content\/uploads\/2024\/11\/Sidcon-86-1536x1024.jpg 1536w, https:\/\/werkenbij.sidcon.nl\/wp-content\/uploads\/2024\/11\/Sidcon-86-2048x1366.jpg 2048w\" sizes=\"(max-width: 800px) 100vw, 800px\" \/>\t\t\t\t\t\t\t\t\t\t\t\t\t\t\t<\/div>\n\t\t<div class=\"elementor-element elementor-element-71409dc1 e-con-full e-flex e-con e-child\" data-id=\"71409dc1\" data-element_type=\"container\" data-e-type=\"container\">\n\t\t\t\t<div class=\"elementor-element elementor-element-2bd2d81e elementor-widget elementor-widget-heading\" data-id=\"2bd2d81e\" data-element_type=\"widget\" data-e-type=\"widget\" data-widget_type=\"heading.default\">\n\t\t\t\t\t<h2 class=\"elementor-heading-title elementor-size-default\">Candidature spontan\u00e9e<\/h2>\t\t\t\t<\/div>\n\t\t\t\t<div class=\"elementor-element elementor-element-78c9ba06 elementor-icon-list--layout-inline elementor-list-item-link-full_width elementor-widget elementor-widget-icon-list\" data-id=\"78c9ba06\" data-element_type=\"widget\" data-e-type=\"widget\" data-widget_type=\"icon-list.default\">\n\t\t\t\t\t\t\t<ul class=\"elementor-icon-list-items elementor-inline-items\">\n\t\t\t\t\t\t\t<li class=\"elementor-icon-list-item elementor-inline-item\">\n\t\t\t\t\t\t\t\t\t\t\t<span class=\"elementor-icon-list-icon\">\n\t\t\t\t\t\t\t<svg xmlns=\"http:\/\/www.w3.org\/2000\/svg\" id=\"Outline\" viewBox=\"0 0 24 24\" width=\"512\" height=\"512\"><path d=\"M12,0A12,12,0,1,0,24,12,12.013,12.013,0,0,0,12,0Zm0,22A10,10,0,1,1,22,12,10.011,10.011,0,0,1,12,22Z\"><\/path><path d=\"M12,6a1,1,0,0,0-1,1v4.325L7.629,13.437a1,1,0,0,0,1.062,1.7l3.84-2.4A1,1,0,0,0,13,11.879V7A1,1,0,0,0,12,6Z\"><\/path><\/svg>\t\t\t\t\t\t<\/span>\n\t\t\t\t\t\t\t\t\t\t<span class=\"elementor-icon-list-text\">40<\/span>\n\t\t\t\t\t\t\t\t\t<\/li>\n\t\t\t\t\t\t\t\t<li class=\"elementor-icon-list-item elementor-inline-item\">\n\t\t\t\t\t\t\t\t\t\t\t<span class=\"elementor-icon-list-icon\">\n\t\t\t\t\t\t\t<svg xmlns=\"http:\/\/www.w3.org\/2000\/svg\" xmlns:xlink=\"http:\/\/www.w3.org\/1999\/xlink\" id=\"Layer_1\" x=\"0px\" y=\"0px\" viewBox=\"0 0 512 512\" style=\"enable-background:new 0 0 512 512;\" xml:space=\"preserve\" width=\"512\" height=\"512\"> <path d=\"M470.549,111.573L313.237,36.629c-34.628-20.684-77.728-21.051-112.704-0.96L41.451,111.573 c-0.597,0.299-1.216,0.619-1.792,0.96c-37.752,21.586-50.858,69.689-29.272,107.441c7.317,12.798,18.08,23.284,31.064,30.266 l43.883,20.907V375.68c0.026,46.743,30.441,88.039,75.072,101.931c31.059,8.985,63.264,13.384,95.595,13.056 c32.326,0.362,64.531-4,95.595-12.949c44.631-13.891,75.046-55.188,75.072-101.931V271.104l42.667-20.395v175.957 c0,11.782,9.551,21.333,21.333,21.333c11.782,0,21.333-9.551,21.333-21.333v-256C512.143,145.615,492.363,122.473,470.549,111.573z M384,375.787c0.011,27.959-18.129,52.69-44.8,61.077c-27.046,7.728-55.073,11.479-83.2,11.136 c-28.127,0.343-56.154-3.408-83.2-11.136c-26.671-8.388-44.811-33.118-44.8-61.077v-84.309l70.763,33.707 c17.46,10.368,37.401,15.816,57.707,15.765c19.328,0.137,38.331-4.98,54.976-14.805L384,291.477V375.787z M452.267,211.733 l-160.896,76.8c-22.434,13.063-50.241,12.693-72.32-0.96l-157.419-74.88c-17.547-9.462-24.101-31.357-14.639-48.903 c3.2-5.934,7.998-10.853,13.85-14.201l159.893-76.373c22.441-13.034,50.233-12.665,72.32,0.96l157.312,74.944 c11.569,6.424,18.807,18.555,18.965,31.787C469.354,193.441,462.9,205.097,452.267,211.733L452.267,211.733z\"><\/path> <\/svg>\t\t\t\t\t\t<\/span>\n\t\t\t\t\t\t\t\t\t\t<span class=\"elementor-icon-list-text\">HBO<\/span>\n\t\t\t\t\t\t\t\t\t<\/li>\n\t\t\t\t\t\t<\/ul>\n\t\t\t\t\t\t<\/div>\n\t\t\t\t<div class=\"elementor-element elementor-element-6f2b4e3b elementor-widget elementor-widget-theme-post-excerpt\" data-id=\"6f2b4e3b\" data-element_type=\"widget\" data-e-type=\"widget\" data-widget_type=\"theme-post-excerpt.default\">\n\t\t\t\t\t<p>Int\u00e9ress\u00e9(e) par Sidcon comme futur employeur ? M\u00eame si ton profil ne correspond pas \u00e0 l\u2019une\t\t\t\t<\/div>\n\t\t\t\t<\/div>\n\t\t\t\t<\/a>\n\t\t\t\t<\/div>\n\t\t\t\t<\/div>\n\t\t\n\t\t\t\t\t\t<\/div>\n\t\t\t\t<\/div>\n\t\t\t\t<\/div>\n\t\t\t\t\t<\/div>\n\t\t\t\t<\/div>\n\t\t\t\t<\/div>\n\t\t","protected":false},"excerpt":{"rendered":"<p>Nos offres d\u2019emploi<\/p>\n","protected":false},"author":3,"featured_media":0,"parent":0,"menu_order":0,"comment_status":"closed","ping_status":"closed","template":"","meta":{"_acf_changed":false,"footnotes":""},"class_list":["post-11118","page","type-page","status-publish","hentry"],"acf":[],"_links":{"self":[{"href":"https:\/\/werkenbij.sidcon.nl\/fr\/wp-json\/wp\/v2\/pages\/11118","targetHints":{"allow":["GET"]}}],"collection":[{"href":"https:\/\/werkenbij.sidcon.nl\/fr\/wp-json\/wp\/v2\/pages"}],"about":[{"href":"https:\/\/werkenbij.sidcon.nl\/fr\/wp-json\/wp\/v2\/types\/page"}],"author":[{"embeddable":true,"href":"https:\/\/werkenbij.sidcon.nl\/fr\/wp-json\/wp\/v2\/users\/3"}],"replies":[{"embeddable":true,"href":"https:\/\/werkenbij.sidcon.nl\/fr\/wp-json\/wp\/v2\/comments?post=11118"}],"version-history":[{"count":3,"href":"https:\/\/werkenbij.sidcon.nl\/fr\/wp-json\/wp\/v2\/pages\/11118\/revisions"}],"predecessor-version":[{"id":11124,"href":"https:\/\/werkenbij.sidcon.nl\/fr\/wp-json\/wp\/v2\/pages\/11118\/revisions\/11124"}],"wp:attachment":[{"href":"https:\/\/werkenbij.sidcon.nl\/fr\/wp-json\/wp\/v2\/media?parent=11118"}],"curies":[{"name":"wp","href":"https:\/\/api.w.org\/{rel}","templated":true}]}}