{"id":10777,"date":"2025-09-18T14:15:25","date_gmt":"2025-09-18T12:15:25","guid":{"rendered":"https:\/\/werkenbij.sidcon.nl\/gestion-operationnelle\/"},"modified":"2026-03-19T10:28:29","modified_gmt":"2026-03-19T09:28:29","slug":"gestion-operationnelle","status":"publish","type":"page","link":"https:\/\/werkenbij.sidcon.nl\/fr\/gestion-operationnelle\/","title":{"rendered":"Gestion op\u00e9rationnelle"},"content":{"rendered":"\t\t<div data-elementor-type=\"wp-page\" data-elementor-id=\"10777\" class=\"elementor elementor-10777 elementor-94\" data-elementor-post-type=\"page\">\n\t\t\t\t<div class=\"elementor-element elementor-element-a7b24ec e-flex e-con-boxed e-con e-parent\" data-id=\"a7b24ec\" data-element_type=\"container\" data-e-type=\"container\" data-settings=\"{&quot;background_background&quot;:&quot;classic&quot;}\">\n\t\t\t\t\t<div class=\"e-con-inner\">\n\t\t\t\t<div class=\"elementor-element elementor-element-a2ec124 elementor-widget elementor-widget-heading\" data-id=\"a2ec124\" data-element_type=\"widget\" data-e-type=\"widget\" data-widget_type=\"heading.default\">\n\t\t\t\t\t<p class=\"elementor-heading-title elementor-size-default\">Gestion op\u00e9rationnelle<\/p>\t\t\t\t<\/div>\n\t\t\t\t\t<\/div>\n\t\t\t\t<\/div>\n\t\t<div class=\"elementor-element elementor-element-4661213 e-flex e-con-boxed e-con e-parent\" data-id=\"4661213\" data-element_type=\"container\" data-e-type=\"container\" data-settings=\"{&quot;background_background&quot;:&quot;classic&quot;}\">\n\t\t\t\t\t<div class=\"e-con-inner\">\n\t\t<div class=\"elementor-element elementor-element-9ce4354 e-con-full e-flex e-con e-child\" data-id=\"9ce4354\" data-element_type=\"container\" data-e-type=\"container\">\n\t\t\t\t<div class=\"elementor-element elementor-element-924eec9 elementor-widget elementor-widget-heading\" data-id=\"924eec9\" data-element_type=\"widget\" data-e-type=\"widget\" data-widget_type=\"heading.default\">\n\t\t\t\t\t<h2 class=\"elementor-heading-title elementor-size-default\">Ressources humaines<\/h2>\t\t\t\t<\/div>\n\t\t\t\t<div class=\"elementor-element elementor-element-2eedc84 elementor-widget elementor-widget-heading\" data-id=\"2eedc84\" data-element_type=\"widget\" data-e-type=\"widget\" data-widget_type=\"heading.default\">\n\t\t\t\t\t<h3 class=\"elementor-heading-title elementor-size-default\">Gr\u00e2ce \u00e0 votre engagement, notre \u00e9quipe va de l\u2019avant<\/h3>\t\t\t\t<\/div>\n\t\t\t\t<div class=\"elementor-element elementor-element-ad6d622 elementor-widget elementor-widget-text-editor\" data-id=\"ad6d622\" data-element_type=\"widget\" data-e-type=\"widget\" data-widget_type=\"text-editor.default\">\n\t\t\t\t\t\t\t\t\t<p>En tant que membre de l\u2019\u00e9quipe RH, vous faites de Sidcon un lieu de travail agr\u00e9able. Vous recrutez de nouveaux coll\u00e8gues et accompagnez les proc\u00e9dures de candidature. Vous \u00eates \u00e9galement un point de contact pour les collaborateurs et participez \u00e0 la r\u00e9flexion autour du d\u00e9veloppement et de la satisfaction au travail. Vous jouez un r\u00f4le actif dans le renforcement de notre culture d\u2019entreprise et soutenez le management dans les questions li\u00e9es au personnel. Gr\u00e2ce \u00e0 votre engagement, nos \u00e9quipes restent impliqu\u00e9es et motiv\u00e9es.    <\/p>\t\t\t\t\t\t\t\t<\/div>\n\t\t\t\t<\/div>\n\t\t<div class=\"elementor-element elementor-element-41d8ab8 e-con-full e-flex e-con e-child\" data-id=\"41d8ab8\" data-element_type=\"container\" data-e-type=\"container\">\n\t\t\t\t<div class=\"elementor-element elementor-element-4096095 elementor-widget elementor-widget-image\" data-id=\"4096095\" data-element_type=\"widget\" data-e-type=\"widget\" data-widget_type=\"image.default\">\n\t\t\t\t\t\t\t\t\t\t\t\t\t\t\t<img fetchpriority=\"high\" decoding=\"async\" width=\"800\" height=\"534\" src=\"https:\/\/werkenbij.sidcon.nl\/wp-content\/uploads\/2026\/01\/Sidcon-dec-2025-353-1024x683.jpg\" class=\"attachment-large size-large wp-image-10775\" alt=\"\" srcset=\"https:\/\/werkenbij.sidcon.nl\/wp-content\/uploads\/2026\/01\/Sidcon-dec-2025-353-1024x683.jpg 1024w, https:\/\/werkenbij.sidcon.nl\/wp-content\/uploads\/2026\/01\/Sidcon-dec-2025-353-300x200.jpg 300w, https:\/\/werkenbij.sidcon.nl\/wp-content\/uploads\/2026\/01\/Sidcon-dec-2025-353-768x512.jpg 768w, https:\/\/werkenbij.sidcon.nl\/wp-content\/uploads\/2026\/01\/Sidcon-dec-2025-353-1536x1024.jpg 1536w, https:\/\/werkenbij.sidcon.nl\/wp-content\/uploads\/2026\/01\/Sidcon-dec-2025-353.jpg 1600w\" sizes=\"(max-width: 800px) 100vw, 800px\" \/>\t\t\t\t\t\t\t\t\t\t\t\t\t\t\t<\/div>\n\t\t\t\t<\/div>\n\t\t\t\t\t<\/div>\n\t\t\t\t<\/div>\n\t\t<div class=\"elementor-element elementor-element-e891a84 e-flex e-con-boxed e-con e-parent\" data-id=\"e891a84\" data-element_type=\"container\" data-e-type=\"container\" data-settings=\"{&quot;background_background&quot;:&quot;classic&quot;}\">\n\t\t\t\t\t<div class=\"e-con-inner\">\n\t\t<div class=\"elementor-element elementor-element-865ab5c e-con-full e-flex e-con e-child\" data-id=\"865ab5c\" data-element_type=\"container\" data-e-type=\"container\">\n\t\t\t\t<div class=\"elementor-element elementor-element-275ca69 elementor-widget elementor-widget-heading\" data-id=\"275ca69\" data-element_type=\"widget\" data-e-type=\"widget\" data-widget_type=\"heading.default\">\n\t\t\t\t\t<h2 class=\"elementor-heading-title elementor-size-default\">Administration financi\u00e8re<\/h2>\t\t\t\t<\/div>\n\t\t\t\t<div class=\"elementor-element elementor-element-f04f0ca elementor-widget elementor-widget-heading\" data-id=\"f04f0ca\" data-element_type=\"widget\" data-e-type=\"widget\" data-widget_type=\"heading.default\">\n\t\t\t\t\t<h3 class=\"elementor-heading-title elementor-size-default\">Vous gardez un \u0153il attentif sur les chiffres<\/h3>\t\t\t\t<\/div>\n\t\t\t\t<div class=\"elementor-element elementor-element-c53e422 elementor-widget elementor-widget-text-editor\" data-id=\"c53e422\" data-element_type=\"widget\" data-e-type=\"widget\" data-widget_type=\"text-editor.default\">\n\t\t\t\t\t\t\t\t\t<p data-start=\"799\" data-end=\"1236\">Au sein de l\u2019administration financi\u00e8re, vous \u00eates l\u2019expert des chiffres et des processus. Vous traitez les factures, suivez les paiements et veillez \u00e0 la parfaite exactitude des donn\u00e9es financi\u00e8res. Vous contribuez au reporting, proposez des pistes d\u2019am\u00e9lioration et gardez un \u0153il attentif sur chaque d\u00e9tail. Avec vos coll\u00e8gues, vous assurez la sant\u00e9 financi\u00e8re et la clart\u00e9 des comptes de Sidcon afin que l\u2019entreprise poursuive sa croissance, dans le pays comme \u00e0 l\u2019\u00e9tranger.   <\/p>\t\t\t\t\t\t\t\t<\/div>\n\t\t\t\t<\/div>\n\t\t<div class=\"elementor-element elementor-element-9b80535 e-con-full e-flex e-con e-child\" data-id=\"9b80535\" data-element_type=\"container\" data-e-type=\"container\">\n\t\t\t\t<div class=\"elementor-element elementor-element-1aed708 elementor-widget elementor-widget-image\" data-id=\"1aed708\" data-element_type=\"widget\" data-e-type=\"widget\" data-widget_type=\"image.default\">\n\t\t\t\t\t\t\t\t\t\t\t\t\t\t\t<img decoding=\"async\" width=\"800\" height=\"534\" src=\"https:\/\/werkenbij.sidcon.nl\/wp-content\/uploads\/2026\/01\/Sidcon-dec-2025-400-1024x683.jpg\" class=\"attachment-large size-large wp-image-10776\" alt=\"\" srcset=\"https:\/\/werkenbij.sidcon.nl\/wp-content\/uploads\/2026\/01\/Sidcon-dec-2025-400-1024x683.jpg 1024w, https:\/\/werkenbij.sidcon.nl\/wp-content\/uploads\/2026\/01\/Sidcon-dec-2025-400-300x200.jpg 300w, https:\/\/werkenbij.sidcon.nl\/wp-content\/uploads\/2026\/01\/Sidcon-dec-2025-400-768x512.jpg 768w, https:\/\/werkenbij.sidcon.nl\/wp-content\/uploads\/2026\/01\/Sidcon-dec-2025-400-1536x1024.jpg 1536w, https:\/\/werkenbij.sidcon.nl\/wp-content\/uploads\/2026\/01\/Sidcon-dec-2025-400.jpg 1600w\" sizes=\"(max-width: 800px) 100vw, 800px\" \/>\t\t\t\t\t\t\t\t\t\t\t\t\t\t\t<\/div>\n\t\t\t\t<\/div>\n\t\t\t\t\t<\/div>\n\t\t\t\t<\/div>\n\t\t<div class=\"elementor-element elementor-element-563c006 e-flex e-con-boxed e-con e-parent\" data-id=\"563c006\" data-element_type=\"container\" data-e-type=\"container\">\n\t\t\t\t\t<div class=\"e-con-inner\">\n\t\t\t\t<div class=\"elementor-element elementor-element-84d0bf5 e-transform elementor-widget-divider--view-line elementor-widget elementor-widget-divider\" data-id=\"84d0bf5\" data-element_type=\"widget\" data-e-type=\"widget\" data-settings=\"{&quot;_transform_rotateZ_effect&quot;:{&quot;unit&quot;:&quot;px&quot;,&quot;size&quot;:90,&quot;sizes&quot;:[]},&quot;_transform_rotateZ_effect_tablet&quot;:{&quot;unit&quot;:&quot;deg&quot;,&quot;size&quot;:&quot;&quot;,&quot;sizes&quot;:[]},&quot;_transform_rotateZ_effect_mobile&quot;:{&quot;unit&quot;:&quot;deg&quot;,&quot;size&quot;:&quot;&quot;,&quot;sizes&quot;:[]}}\" data-widget_type=\"divider.default\">\n\t\t\t\t\t\t\t<div class=\"elementor-divider\">\n\t\t\t<span class=\"elementor-divider-separator\">\n\t\t\t\t\t\t<\/span>\n\t\t<\/div>\n\t\t\t\t\t\t<\/div>\n\t\t\t\t\t<\/div>\n\t\t\t\t<\/div>\n\t\t<div class=\"elementor-element elementor-element-6e088c3 e-flex e-con-boxed e-con e-parent\" data-id=\"6e088c3\" data-element_type=\"container\" data-e-type=\"container\" data-settings=\"{&quot;background_background&quot;:&quot;classic&quot;}\">\n\t\t\t\t\t<div class=\"e-con-inner\">\n\t\t\t\t<div class=\"elementor-element elementor-element-a2a5a56 elementor-pagination-type-bullets elementor-pagination-position-outside elementor-widget elementor-widget-loop-carousel\" data-id=\"a2a5a56\" data-element_type=\"widget\" data-e-type=\"widget\" data-settings=\"{&quot;template_id&quot;:10146,&quot;slides_to_show&quot;:&quot;1&quot;,&quot;image_spacing_custom&quot;:{&quot;unit&quot;:&quot;px&quot;,&quot;size&quot;:&quot;&quot;,&quot;sizes&quot;:[]},&quot;_skin&quot;:&quot;post&quot;,&quot;slides_to_show_tablet&quot;:&quot;2&quot;,&quot;slides_to_show_mobile&quot;:&quot;1&quot;,&quot;slides_to_scroll&quot;:&quot;1&quot;,&quot;edit_handle_selector&quot;:&quot;.elementor-loop-container&quot;,&quot;autoplay&quot;:&quot;yes&quot;,&quot;autoplay_speed&quot;:5000,&quot;pause_on_interaction&quot;:&quot;yes&quot;,&quot;infinite&quot;:&quot;yes&quot;,&quot;speed&quot;:500,&quot;offset_sides&quot;:&quot;none&quot;,&quot;pagination&quot;:&quot;bullets&quot;,&quot;image_spacing_custom_tablet&quot;:{&quot;unit&quot;:&quot;px&quot;,&quot;size&quot;:&quot;&quot;,&quot;sizes&quot;:[]},&quot;image_spacing_custom_mobile&quot;:{&quot;unit&quot;:&quot;px&quot;,&quot;size&quot;:&quot;&quot;,&quot;sizes&quot;:[]}}\" data-widget_type=\"loop-carousel.post\">\n\t\t\t\t\t\t\t<div class=\"swiper elementor-loop-container elementor-grid\" role=\"list\" dir=\"ltr\">\n\t\t\t\t<div class=\"swiper-wrapper\" aria-live=\"off\">\n\t\t<style id=\"loop-10146\">.elementor-10146 .elementor-element.elementor-element-8de4bec{--display:flex;--flex-direction:column;--container-widget-width:calc( ( 1 - var( --container-widget-flex-grow ) ) * 100% );--container-widget-height:initial;--container-widget-flex-grow:0;--container-widget-align-self:initial;--flex-wrap-mobile:wrap;--justify-content:flex-end;--align-items:center;--margin-top:0px;--margin-bottom:0px;--margin-left:0px;--margin-right:0px;--padding-top:0px;--padding-bottom:0px;--padding-left:0px;--padding-right:0px;}.elementor-10146 .elementor-element.elementor-element-8de4bec:not(.elementor-motion-effects-element-type-background), .elementor-10146 .elementor-element.elementor-element-8de4bec > .elementor-motion-effects-container > .elementor-motion-effects-layer{background-color:#FFFFFF;}.elementor-10146 .elementor-element.elementor-element-692d85b{text-align:center;}.elementor-10146 .elementor-element.elementor-element-692d85b .elementor-heading-title{font-size:35px;font-style:italic;line-height:44px;color:var( --e-global-color-text );}.elementor-10146 .elementor-element.elementor-element-e7ffb80 img{width:140px;height:140px;object-fit:cover;object-position:center center;border-radius:1000px 1000px 1000px 1000px;}.elementor-10146 .elementor-element.elementor-element-ec70bcc{text-align:center;}.elementor-10146 .elementor-element.elementor-element-ec70bcc .elementor-heading-title{color:var( --e-global-color-text );}.elementor-10146 .elementor-element.elementor-element-38296e6 .elementor-heading-title{font-size:16px;font-weight:400;color:var( --e-global-color-secondary );}.elementor-10146 .elementor-element.elementor-element-38296e6{margin:-13px 0px calc(var(--kit-widget-spacing, 0px) + 0px) 0px;}@media(max-width:1024px){.elementor-10146 .elementor-element.elementor-element-8de4bec{--padding-top:80px;--padding-bottom:80px;--padding-left:20px;--padding-right:20px;}}@media(min-width:768px){.elementor-10146 .elementor-element.elementor-element-8de4bec{--content-width:1000px;}}<\/style>\t\t<div data-elementor-type=\"loop-item\" data-elementor-id=\"10146\" class=\"elementor elementor-10146 swiper-slide e-loop-item e-loop-item-11064 post-11064 teamlid type-teamlid status-publish has-post-thumbnail hentry afdeling-personeelszaken team-tag-met-verhaal\" data-elementor-post-type=\"elementor_library\" role=\"group\" aria-roledescription=\"slide\" data-custom-edit-handle=\"1\">\n\t\t\t<a class=\"elementor-element elementor-element-8de4bec e-flex e-con-boxed e-con e-parent\" data-id=\"8de4bec\" data-element_type=\"container\" data-e-type=\"container\" data-settings=\"{&quot;background_background&quot;:&quot;classic&quot;}\" href=\"https:\/\/werkenbij.sidcon.nl\/fr\/membre-de-l\u2019\u00e9quipe\/annelies-thelosen\/\">\n\t\t\t\t\t<div class=\"e-con-inner\">\n\t\t\t\t<div class=\"elementor-element elementor-element-692d85b elementor-widget elementor-widget-heading\" data-id=\"692d85b\" data-element_type=\"widget\" data-e-type=\"widget\" data-widget_type=\"heading.default\">\n\t\t\t\t\t<h2 class=\"elementor-heading-title elementor-size-default\">\u00ab\u2009Le plus grand d\u00e9fi consiste \u00e0 faire en sorte que la majorit\u00e9 des collaborateurs se sentent bien. Et ce n\u2019est pas toujours simple, car nous sommes d\u00e9sormais plus de 35. \u00bb<\/h2>\t\t\t\t<\/div>\n\t\t\t\t<div class=\"elementor-element elementor-element-e7ffb80 elementor-widget elementor-widget-image\" data-id=\"e7ffb80\" data-element_type=\"widget\" data-e-type=\"widget\" data-widget_type=\"image.default\">\n\t\t\t\t\t\t\t\t\t\t\t\t\t\t\t<img decoding=\"async\" width=\"1080\" height=\"1080\" src=\"https:\/\/werkenbij.sidcon.nl\/wp-content\/uploads\/2025\/10\/Ontwerp-zonder-titel-3.png\" class=\"attachment-full size-full wp-image-11065\" alt=\"\" srcset=\"https:\/\/werkenbij.sidcon.nl\/wp-content\/uploads\/2025\/10\/Ontwerp-zonder-titel-3.png 1080w, https:\/\/werkenbij.sidcon.nl\/wp-content\/uploads\/2025\/10\/Ontwerp-zonder-titel-3-300x300.png 300w, https:\/\/werkenbij.sidcon.nl\/wp-content\/uploads\/2025\/10\/Ontwerp-zonder-titel-3-1024x1024.png 1024w, https:\/\/werkenbij.sidcon.nl\/wp-content\/uploads\/2025\/10\/Ontwerp-zonder-titel-3-150x150.png 150w, https:\/\/werkenbij.sidcon.nl\/wp-content\/uploads\/2025\/10\/Ontwerp-zonder-titel-3-768x768.png 768w\" sizes=\"(max-width: 1080px) 100vw, 1080px\" \/>\t\t\t\t\t\t\t\t\t\t\t\t\t\t\t<\/div>\n\t\t\t\t<div class=\"elementor-element elementor-element-ec70bcc elementor-widget elementor-widget-heading\" data-id=\"ec70bcc\" data-element_type=\"widget\" data-e-type=\"widget\" data-widget_type=\"heading.default\">\n\t\t\t\t\t<h2 class=\"elementor-heading-title elementor-size-default\">Annelies Thelosen<\/h2>\t\t\t\t<\/div>\n\t\t\t\t<div class=\"elementor-element elementor-element-38296e6 elementor-widget elementor-widget-heading\" data-id=\"38296e6\" data-element_type=\"widget\" data-e-type=\"widget\" data-widget_type=\"heading.default\">\n\t\t\t\t\t<h2 class=\"elementor-heading-title elementor-size-default\">Responsable RH<\/h2>\t\t\t\t<\/div>\n\t\t\t\t\t<\/div>\n\t\t\t\t<\/a>\n\t\t\t\t<\/div>\n\t\t\t\t<\/div>\n\t\t<\/div>\n\t\t\t\t\t<div class=\"swiper-pagination\"><\/div>\n\t\t\t\t\t\t<\/div>\n\t\t\t\t\t<\/div>\n\t\t\t\t<\/div>\n\t\t<div class=\"elementor-element elementor-element-0955d1b elementor-hidden-desktop elementor-hidden-tablet e-flex e-con-boxed e-con e-parent\" data-id=\"0955d1b\" data-element_type=\"container\" data-e-type=\"container\">\n\t\t\t\t\t<div class=\"e-con-inner\">\n\t\t\t\t<div class=\"elementor-element elementor-element-7dfc0aa e-transform elementor-widget-divider--view-line elementor-widget elementor-widget-divider\" data-id=\"7dfc0aa\" data-element_type=\"widget\" data-e-type=\"widget\" data-settings=\"{&quot;_transform_rotateZ_effect&quot;:{&quot;unit&quot;:&quot;px&quot;,&quot;size&quot;:90,&quot;sizes&quot;:[]},&quot;_transform_rotateZ_effect_tablet&quot;:{&quot;unit&quot;:&quot;deg&quot;,&quot;size&quot;:&quot;&quot;,&quot;sizes&quot;:[]},&quot;_transform_rotateZ_effect_mobile&quot;:{&quot;unit&quot;:&quot;deg&quot;,&quot;size&quot;:&quot;&quot;,&quot;sizes&quot;:[]}}\" data-widget_type=\"divider.default\">\n\t\t\t\t\t\t\t<div class=\"elementor-divider\">\n\t\t\t<span class=\"elementor-divider-separator\">\n\t\t\t\t\t\t<\/span>\n\t\t<\/div>\n\t\t\t\t\t\t<\/div>\n\t\t\t\t\t<\/div>\n\t\t\t\t<\/div>\n\t\t<div class=\"elementor-element elementor-element-c95335b e-flex e-con-boxed e-con e-parent\" data-id=\"c95335b\" data-element_type=\"container\" data-e-type=\"container\" data-settings=\"{&quot;background_background&quot;:&quot;classic&quot;}\">\n\t\t\t\t\t<div class=\"e-con-inner\">\n\t\t<div class=\"elementor-element elementor-element-7029f3d e-con-full e-flex e-con e-child\" data-id=\"7029f3d\" data-element_type=\"container\" data-e-type=\"container\">\n\t\t<div class=\"elementor-element elementor-element-1ce9cb4 e-con-full e-flex e-con e-child\" data-id=\"1ce9cb4\" data-element_type=\"container\" data-e-type=\"container\">\n\t\t<div class=\"elementor-element elementor-element-ae2bf38 e-con-full e-flex e-con e-child\" data-id=\"ae2bf38\" data-element_type=\"container\" data-e-type=\"container\" data-settings=\"{&quot;background_background&quot;:&quot;classic&quot;}\">\n\t\t\t\t<div class=\"elementor-element elementor-element-be16921 elementor-widget elementor-widget-heading\" data-id=\"be16921\" data-element_type=\"widget\" data-e-type=\"widget\" data-widget_type=\"heading.default\">\n\t\t\t\t\t<h2 class=\"elementor-heading-title elementor-size-default\">Envie de relever un nouveau d\u00e9fi\u2009?<\/h2>\t\t\t\t<\/div>\n\t\t\t\t<div class=\"elementor-element elementor-element-38199e5 elementor-widget elementor-widget-heading\" data-id=\"38199e5\" data-element_type=\"widget\" data-e-type=\"widget\" data-widget_type=\"heading.default\">\n\t\t\t\t\t<h3 class=\"elementor-heading-title elementor-size-default\">Venez renforcer notre \u00e9quipe <\/h3>\t\t\t\t<\/div>\n\t\t\t\t<div class=\"elementor-element elementor-element-fb60e8f elementor-widget elementor-widget-text-editor\" data-id=\"fb60e8f\" data-element_type=\"widget\" data-e-type=\"widget\" data-widget_type=\"text-editor.default\">\n\t\t\t\t\t\t\t\t\t<p>Vous souhaitez renforcer les bases solides de Sidcon\u2009? Que vous veilliez au bien-\u00eatre des collaborateurs ou \u00e0 la fiabilit\u00e9 des chiffres, vous jouez un r\u00f4le essentiel au sein de ce d\u00e9partement. Vous soutenez les \u00e9quipes, assurez la structure et contribuez \u00e0 la croissance de l\u2019entreprise.  <\/p>\t\t\t\t\t\t\t\t<\/div>\n\t\t\t\t<div class=\"elementor-element elementor-element-e3db904 elementor-widget elementor-widget-button\" data-id=\"e3db904\" data-element_type=\"widget\" data-e-type=\"widget\" data-widget_type=\"button.default\">\n\t\t\t\t\t\t\t\t\t\t<a class=\"elementor-button elementor-button-link elementor-size-sm\" href=\"https:\/\/werkenbij.sidcon.nl\/fr\/offres-demploi\/\">\n\t\t\t\t\t\t<span class=\"elementor-button-content-wrapper\">\n\t\t\t\t\t\t\t\t\t<span class=\"elementor-button-text\">Vers les offres d\u2019emploi<\/span>\n\t\t\t\t\t<\/span>\n\t\t\t\t\t<\/a>\n\t\t\t\t\t\t\t\t<\/div>\n\t\t\t\t<\/div>\n\t\t<div class=\"elementor-element elementor-element-c09251b e-con-full e-flex e-con e-child\" data-id=\"c09251b\" data-element_type=\"container\" data-e-type=\"container\">\n\t\t\t\t<div class=\"elementor-element elementor-element-b25f212 elementor-widget elementor-widget-image\" data-id=\"b25f212\" data-element_type=\"widget\" data-e-type=\"widget\" data-widget_type=\"image.default\">\n\t\t\t\t\t\t\t\t\t\t\t\t\t\t\t<img loading=\"lazy\" decoding=\"async\" width=\"800\" height=\"534\" src=\"https:\/\/werkenbij.sidcon.nl\/wp-content\/uploads\/2026\/01\/groepsfoto-Sidcon-2025-2-1024x683.jpg\" class=\"attachment-large size-large wp-image-10722\" alt=\"\" srcset=\"https:\/\/werkenbij.sidcon.nl\/wp-content\/uploads\/2026\/01\/groepsfoto-Sidcon-2025-2-1024x683.jpg 1024w, https:\/\/werkenbij.sidcon.nl\/wp-content\/uploads\/2026\/01\/groepsfoto-Sidcon-2025-2-300x200.jpg 300w, https:\/\/werkenbij.sidcon.nl\/wp-content\/uploads\/2026\/01\/groepsfoto-Sidcon-2025-2-768x512.jpg 768w, https:\/\/werkenbij.sidcon.nl\/wp-content\/uploads\/2026\/01\/groepsfoto-Sidcon-2025-2-1536x1024.jpg 1536w, https:\/\/werkenbij.sidcon.nl\/wp-content\/uploads\/2026\/01\/groepsfoto-Sidcon-2025-2-2048x1365.jpg 2048w\" sizes=\"(max-width: 800px) 100vw, 800px\" \/>\t\t\t\t\t\t\t\t\t\t\t\t\t\t\t<\/div>\n\t\t\t\t<\/div>\n\t\t\t\t<\/div>\n\t\t\t\t<\/div>\n\t\t\t\t\t<\/div>\n\t\t\t\t<\/div>\n\t\t\t\t<\/div>\n\t\t","protected":false},"excerpt":{"rendered":"<p> En tant que collaborateur RH, vous recrutez de nouveaux coll\u00e8gues et veillez \u00e0 la satisfaction de l\u2019\u00e9quipe. En tant que collaborateur administratif, vous jonglez avec les chiffres et suivez le cash-flow de pr\u00e8s.   <\/p>\n","protected":false},"author":3,"featured_media":10760,"parent":0,"menu_order":5,"comment_status":"closed","ping_status":"closed","template":"","meta":{"_acf_changed":false,"footnotes":""},"class_list":["post-10777","page","type-page","status-publish","has-post-thumbnail","hentry"],"acf":[],"_links":{"self":[{"href":"https:\/\/werkenbij.sidcon.nl\/fr\/wp-json\/wp\/v2\/pages\/10777","targetHints":{"allow":["GET"]}}],"collection":[{"href":"https:\/\/werkenbij.sidcon.nl\/fr\/wp-json\/wp\/v2\/pages"}],"about":[{"href":"https:\/\/werkenbij.sidcon.nl\/fr\/wp-json\/wp\/v2\/types\/page"}],"author":[{"embeddable":true,"href":"https:\/\/werkenbij.sidcon.nl\/fr\/wp-json\/wp\/v2\/users\/3"}],"replies":[{"embeddable":true,"href":"https:\/\/werkenbij.sidcon.nl\/fr\/wp-json\/wp\/v2\/comments?post=10777"}],"version-history":[{"count":1,"href":"https:\/\/werkenbij.sidcon.nl\/fr\/wp-json\/wp\/v2\/pages\/10777\/revisions"}],"predecessor-version":[{"id":10779,"href":"https:\/\/werkenbij.sidcon.nl\/fr\/wp-json\/wp\/v2\/pages\/10777\/revisions\/10779"}],"wp:featuredmedia":[{"embeddable":true,"href":"https:\/\/werkenbij.sidcon.nl\/fr\/wp-json\/wp\/v2\/media\/10760"}],"wp:attachment":[{"href":"https:\/\/werkenbij.sidcon.nl\/fr\/wp-json\/wp\/v2\/media?parent=10777"}],"curies":[{"name":"wp","href":"https:\/\/api.w.org\/{rel}","templated":true}]}}