{"id":10768,"date":"2025-09-19T09:05:44","date_gmt":"2025-09-19T07:05:44","guid":{"rendered":"https:\/\/werkenbij.sidcon.nl\/production\/"},"modified":"2026-03-19T10:22:52","modified_gmt":"2026-03-19T09:22:52","slug":"production","status":"publish","type":"page","link":"https:\/\/werkenbij.sidcon.nl\/fr\/production\/","title":{"rendered":"Production"},"content":{"rendered":"\t\t<div data-elementor-type=\"wp-page\" data-elementor-id=\"10768\" class=\"elementor elementor-10768 elementor-152\" data-elementor-post-type=\"page\">\n\t\t\t\t<div class=\"elementor-element elementor-element-e45d906 e-flex e-con-boxed e-con e-parent\" data-id=\"e45d906\" data-element_type=\"container\" data-e-type=\"container\" data-settings=\"{&quot;background_background&quot;:&quot;classic&quot;}\">\n\t\t\t\t\t<div class=\"e-con-inner\">\n\t\t\t\t<div class=\"elementor-element elementor-element-243f82d elementor-widget elementor-widget-heading\" data-id=\"243f82d\" data-element_type=\"widget\" data-e-type=\"widget\" data-widget_type=\"heading.default\">\n\t\t\t\t\t<p class=\"elementor-heading-title elementor-size-default\">Production<\/p>\t\t\t\t<\/div>\n\t\t\t\t\t<\/div>\n\t\t\t\t<\/div>\n\t\t<div class=\"elementor-element elementor-element-95ec8a4 e-flex e-con-boxed e-con e-parent\" data-id=\"95ec8a4\" data-element_type=\"container\" data-e-type=\"container\" data-settings=\"{&quot;background_background&quot;:&quot;classic&quot;}\">\n\t\t\t\t\t<div class=\"e-con-inner\">\n\t\t<div class=\"elementor-element elementor-element-c91a4b9 e-con-full e-flex e-con e-child\" data-id=\"c91a4b9\" data-element_type=\"container\" data-e-type=\"container\">\n\t\t\t\t<div class=\"elementor-element elementor-element-944c939 elementor-widget elementor-widget-heading\" data-id=\"944c939\" data-element_type=\"widget\" data-e-type=\"widget\" data-widget_type=\"heading.default\">\n\t\t\t\t\t<h2 class=\"elementor-heading-title elementor-size-default\">Pr\u00e9parateur des travaux<\/h2>\t\t\t\t<\/div>\n\t\t\t\t<div class=\"elementor-element elementor-element-2cc550e elementor-widget elementor-widget-heading\" data-id=\"2cc550e\" data-element_type=\"widget\" data-e-type=\"widget\" data-widget_type=\"heading.default\">\n\t\t\t\t\t<h3 class=\"elementor-heading-title elementor-size-default\">Votre pr\u00e9paration fait la diff\u00e9rence<\/h3>\t\t\t\t<\/div>\n\t\t\t\t<div class=\"elementor-element elementor-element-ac88202 elementor-widget elementor-widget-text-editor\" data-id=\"ac88202\" data-element_type=\"widget\" data-e-type=\"widget\" data-widget_type=\"text-editor.default\">\n\t\t\t\t\t\t\t\t\t<p>En tant que pr\u00e9parateur des travaux, vous veillez \u00e0 ce que tout soit parfaitement organis\u00e9 avant le lancement de la production. Vous traduisez les demandes des clients en instructions claires, vous commandez les mat\u00e9riaux et vous vous assurez que tous les composants arrivent \u00e0 temps et au bon endroit. Vous \u00eates en contact avec diff\u00e9rents d\u00e9partements et gardez une vue d\u2019ensemble sur la planification, la qualit\u00e9 et l\u2019avancement. Votre sens du d\u00e9tail et votre organisation assurent un d\u00e9roulement fluide de la production et une livraison conforme aux attentes du client.   <\/p>\t\t\t\t\t\t\t\t<\/div>\n\t\t\t\t<\/div>\n\t\t<div class=\"elementor-element elementor-element-88d3dc1 e-con-full e-flex e-con e-child\" data-id=\"88d3dc1\" data-element_type=\"container\" data-e-type=\"container\">\n\t\t\t\t<div class=\"elementor-element elementor-element-c0990bc elementor-widget elementor-widget-image\" data-id=\"c0990bc\" data-element_type=\"widget\" data-e-type=\"widget\" data-widget_type=\"image.default\">\n\t\t\t\t\t\t\t\t\t\t\t\t\t\t\t<img fetchpriority=\"high\" decoding=\"async\" width=\"800\" height=\"534\" src=\"https:\/\/werkenbij.sidcon.nl\/wp-content\/uploads\/2026\/01\/Sidcon-dec-2025-264-1024x683.jpg\" class=\"attachment-large size-large wp-image-10765\" alt=\"\" srcset=\"https:\/\/werkenbij.sidcon.nl\/wp-content\/uploads\/2026\/01\/Sidcon-dec-2025-264-1024x683.jpg 1024w, https:\/\/werkenbij.sidcon.nl\/wp-content\/uploads\/2026\/01\/Sidcon-dec-2025-264-300x200.jpg 300w, https:\/\/werkenbij.sidcon.nl\/wp-content\/uploads\/2026\/01\/Sidcon-dec-2025-264-768x512.jpg 768w, https:\/\/werkenbij.sidcon.nl\/wp-content\/uploads\/2026\/01\/Sidcon-dec-2025-264-1536x1024.jpg 1536w, https:\/\/werkenbij.sidcon.nl\/wp-content\/uploads\/2026\/01\/Sidcon-dec-2025-264.jpg 1600w\" sizes=\"(max-width: 800px) 100vw, 800px\" \/>\t\t\t\t\t\t\t\t\t\t\t\t\t\t\t<\/div>\n\t\t\t\t<\/div>\n\t\t\t\t\t<\/div>\n\t\t\t\t<\/div>\n\t\t<div class=\"elementor-element elementor-element-6acd292 e-flex e-con-boxed e-con e-parent\" data-id=\"6acd292\" data-element_type=\"container\" data-e-type=\"container\" data-settings=\"{&quot;background_background&quot;:&quot;classic&quot;}\">\n\t\t\t\t\t<div class=\"e-con-inner\">\n\t\t<div class=\"elementor-element elementor-element-8ee419b e-con-full e-flex e-con e-child\" data-id=\"8ee419b\" data-element_type=\"container\" data-e-type=\"container\">\n\t\t\t\t<div class=\"elementor-element elementor-element-f3132c2 elementor-widget elementor-widget-heading\" data-id=\"f3132c2\" data-element_type=\"widget\" data-e-type=\"widget\" data-widget_type=\"heading.default\">\n\t\t\t\t\t<h2 class=\"elementor-heading-title elementor-size-default\">Op\u00e9rateur de production<\/h2>\t\t\t\t<\/div>\n\t\t\t\t<div class=\"elementor-element elementor-element-f9b7650 elementor-widget elementor-widget-heading\" data-id=\"f9b7650\" data-element_type=\"widget\" data-e-type=\"widget\" data-widget_type=\"heading.default\">\n\t\t\t\t\t<h3 class=\"elementor-heading-title elementor-size-default\">Construire de A \u00e0 Z<\/h3>\t\t\t\t<\/div>\n\t\t\t\t<div class=\"elementor-element elementor-element-440eb29 elementor-widget elementor-widget-text-editor\" data-id=\"440eb29\" data-element_type=\"widget\" data-e-type=\"widget\" data-widget_type=\"text-editor.default\">\n\t\t\t\t\t\t\t\t\t<p>En tant qu\u2019op\u00e9rateur de production, vous contribuez au sens propre \u00e0 construire l\u2019avenir de Sidcon. Dans notre atelier, vous assemblez le compacteur enterr\u00e9 de A \u00e0 Z, du ch\u00e2ssis aux finitions. Vous travaillez avec des mat\u00e9riaux de haute qualit\u00e9 et des techniques modernes, et vous veillez \u00e0 ce que chaque produit r\u00e9ponde \u00e0 nos exigences de qualit\u00e9 \u00e9lev\u00e9es. Vous \u00eates fier de votre savoir-faire et voyez, en fin de journ\u00e9e, le r\u00e9sultat concret de votre travail : un compacteur enti\u00e8rement assembl\u00e9, pr\u00eat \u00e0 \u00eatre install\u00e9 dans le pays ou \u00e0 l\u2019\u00e9tranger.   <\/p>\t\t\t\t\t\t\t\t<\/div>\n\t\t\t\t<\/div>\n\t\t<div class=\"elementor-element elementor-element-7f9d598 e-con-full e-flex e-con e-child\" data-id=\"7f9d598\" data-element_type=\"container\" data-e-type=\"container\">\n\t\t\t\t<div class=\"elementor-element elementor-element-2182003 elementor-widget elementor-widget-image\" data-id=\"2182003\" data-element_type=\"widget\" data-e-type=\"widget\" data-widget_type=\"image.default\">\n\t\t\t\t\t\t\t\t\t\t\t\t\t\t\t<img decoding=\"async\" width=\"800\" height=\"534\" src=\"https:\/\/werkenbij.sidcon.nl\/wp-content\/uploads\/2026\/01\/Sidcon-dec-2025-178-1024x683.jpg\" class=\"attachment-large size-large wp-image-10766\" alt=\"\" srcset=\"https:\/\/werkenbij.sidcon.nl\/wp-content\/uploads\/2026\/01\/Sidcon-dec-2025-178-1024x683.jpg 1024w, https:\/\/werkenbij.sidcon.nl\/wp-content\/uploads\/2026\/01\/Sidcon-dec-2025-178-300x200.jpg 300w, https:\/\/werkenbij.sidcon.nl\/wp-content\/uploads\/2026\/01\/Sidcon-dec-2025-178-768x512.jpg 768w, https:\/\/werkenbij.sidcon.nl\/wp-content\/uploads\/2026\/01\/Sidcon-dec-2025-178-1536x1024.jpg 1536w, https:\/\/werkenbij.sidcon.nl\/wp-content\/uploads\/2026\/01\/Sidcon-dec-2025-178.jpg 1600w\" sizes=\"(max-width: 800px) 100vw, 800px\" \/>\t\t\t\t\t\t\t\t\t\t\t\t\t\t\t<\/div>\n\t\t\t\t<\/div>\n\t\t\t\t\t<\/div>\n\t\t\t\t<\/div>\n\t\t<div class=\"elementor-element elementor-element-dfb2823 e-flex e-con-boxed e-con e-parent\" data-id=\"dfb2823\" data-element_type=\"container\" data-e-type=\"container\">\n\t\t\t\t\t<div class=\"e-con-inner\">\n\t\t\t\t<div class=\"elementor-element elementor-element-00082e7 e-transform elementor-widget-divider--view-line elementor-widget elementor-widget-divider\" data-id=\"00082e7\" data-element_type=\"widget\" data-e-type=\"widget\" data-settings=\"{&quot;_transform_rotateZ_effect&quot;:{&quot;unit&quot;:&quot;px&quot;,&quot;size&quot;:90,&quot;sizes&quot;:[]},&quot;_transform_rotateZ_effect_tablet&quot;:{&quot;unit&quot;:&quot;deg&quot;,&quot;size&quot;:&quot;&quot;,&quot;sizes&quot;:[]},&quot;_transform_rotateZ_effect_mobile&quot;:{&quot;unit&quot;:&quot;deg&quot;,&quot;size&quot;:&quot;&quot;,&quot;sizes&quot;:[]}}\" data-widget_type=\"divider.default\">\n\t\t\t\t\t\t\t<div class=\"elementor-divider\">\n\t\t\t<span class=\"elementor-divider-separator\">\n\t\t\t\t\t\t<\/span>\n\t\t<\/div>\n\t\t\t\t\t\t<\/div>\n\t\t\t\t\t<\/div>\n\t\t\t\t<\/div>\n\t\t<div class=\"elementor-element elementor-element-284575e e-flex e-con-boxed e-con e-parent\" data-id=\"284575e\" data-element_type=\"container\" data-e-type=\"container\" data-settings=\"{&quot;background_background&quot;:&quot;classic&quot;}\">\n\t\t\t\t\t<div class=\"e-con-inner\">\n\t\t\t\t<div class=\"elementor-element elementor-element-7e2ca02 elementor-pagination-type-bullets elementor-pagination-position-outside elementor-widget elementor-widget-loop-carousel\" data-id=\"7e2ca02\" data-element_type=\"widget\" data-e-type=\"widget\" data-settings=\"{&quot;template_id&quot;:10146,&quot;slides_to_show&quot;:&quot;1&quot;,&quot;image_spacing_custom&quot;:{&quot;unit&quot;:&quot;px&quot;,&quot;size&quot;:&quot;&quot;,&quot;sizes&quot;:[]},&quot;_skin&quot;:&quot;post&quot;,&quot;slides_to_show_tablet&quot;:&quot;2&quot;,&quot;slides_to_show_mobile&quot;:&quot;1&quot;,&quot;slides_to_scroll&quot;:&quot;1&quot;,&quot;edit_handle_selector&quot;:&quot;.elementor-loop-container&quot;,&quot;autoplay&quot;:&quot;yes&quot;,&quot;autoplay_speed&quot;:5000,&quot;pause_on_interaction&quot;:&quot;yes&quot;,&quot;infinite&quot;:&quot;yes&quot;,&quot;speed&quot;:500,&quot;offset_sides&quot;:&quot;none&quot;,&quot;pagination&quot;:&quot;bullets&quot;,&quot;image_spacing_custom_tablet&quot;:{&quot;unit&quot;:&quot;px&quot;,&quot;size&quot;:&quot;&quot;,&quot;sizes&quot;:[]},&quot;image_spacing_custom_mobile&quot;:{&quot;unit&quot;:&quot;px&quot;,&quot;size&quot;:&quot;&quot;,&quot;sizes&quot;:[]}}\" data-widget_type=\"loop-carousel.post\">\n\t\t\t\t\t\t\t<div class=\"swiper elementor-loop-container elementor-grid\" role=\"list\" dir=\"ltr\">\n\t\t\t\t<div class=\"swiper-wrapper\" aria-live=\"off\">\n\t\t<style id=\"loop-10146\">.elementor-10146 .elementor-element.elementor-element-8de4bec{--display:flex;--flex-direction:column;--container-widget-width:calc( ( 1 - var( --container-widget-flex-grow ) ) * 100% );--container-widget-height:initial;--container-widget-flex-grow:0;--container-widget-align-self:initial;--flex-wrap-mobile:wrap;--justify-content:flex-end;--align-items:center;--margin-top:0px;--margin-bottom:0px;--margin-left:0px;--margin-right:0px;--padding-top:0px;--padding-bottom:0px;--padding-left:0px;--padding-right:0px;}.elementor-10146 .elementor-element.elementor-element-8de4bec:not(.elementor-motion-effects-element-type-background), .elementor-10146 .elementor-element.elementor-element-8de4bec > .elementor-motion-effects-container > .elementor-motion-effects-layer{background-color:#FFFFFF;}.elementor-10146 .elementor-element.elementor-element-692d85b{text-align:center;}.elementor-10146 .elementor-element.elementor-element-692d85b .elementor-heading-title{font-size:35px;font-style:italic;line-height:44px;color:var( --e-global-color-text );}.elementor-10146 .elementor-element.elementor-element-e7ffb80 img{width:140px;height:140px;object-fit:cover;object-position:center center;border-radius:1000px 1000px 1000px 1000px;}.elementor-10146 .elementor-element.elementor-element-ec70bcc{text-align:center;}.elementor-10146 .elementor-element.elementor-element-ec70bcc .elementor-heading-title{color:var( --e-global-color-text );}.elementor-10146 .elementor-element.elementor-element-38296e6 .elementor-heading-title{font-size:16px;font-weight:400;color:var( --e-global-color-secondary );}.elementor-10146 .elementor-element.elementor-element-38296e6{margin:-13px 0px calc(var(--kit-widget-spacing, 0px) + 0px) 0px;}@media(max-width:1024px){.elementor-10146 .elementor-element.elementor-element-8de4bec{--padding-top:80px;--padding-bottom:80px;--padding-left:20px;--padding-right:20px;}}@media(min-width:768px){.elementor-10146 .elementor-element.elementor-element-8de4bec{--content-width:1000px;}}<\/style>\t\t<div data-elementor-type=\"loop-item\" data-elementor-id=\"10146\" class=\"elementor elementor-10146 swiper-slide e-loop-item e-loop-item-11026 post-11026 teamlid type-teamlid status-publish has-post-thumbnail hentry afdeling-productie team-tag-met-verhaal\" data-elementor-post-type=\"elementor_library\" role=\"group\" aria-roledescription=\"slide\" data-custom-edit-handle=\"1\">\n\t\t\t<a class=\"elementor-element elementor-element-8de4bec e-flex e-con-boxed e-con e-parent\" data-id=\"8de4bec\" data-element_type=\"container\" data-e-type=\"container\" data-settings=\"{&quot;background_background&quot;:&quot;classic&quot;}\" href=\"https:\/\/werkenbij.sidcon.nl\/fr\/membre-de-l\u2019\u00e9quipe\/isnino-hassan-ali\/\">\n\t\t\t\t\t<div class=\"e-con-inner\">\n\t\t\t\t<div class=\"elementor-element elementor-element-692d85b elementor-widget elementor-widget-heading\" data-id=\"692d85b\" data-element_type=\"widget\" data-e-type=\"widget\" data-widget_type=\"heading.default\">\n\t\t\t\t\t<h2 class=\"elementor-heading-title elementor-size-default\">\u00ab Au travail, je suis toujours de bonne humeur. C\u2019est peut-\u00eatre gr\u00e2ce aux personnes qui m\u2019entourent. \u00bb <\/h2>\t\t\t\t<\/div>\n\t\t\t\t<div class=\"elementor-element elementor-element-e7ffb80 elementor-widget elementor-widget-image\" data-id=\"e7ffb80\" data-element_type=\"widget\" data-e-type=\"widget\" data-widget_type=\"image.default\">\n\t\t\t\t\t\t\t\t\t\t\t\t\t\t\t<img decoding=\"async\" width=\"800\" height=\"800\" src=\"https:\/\/werkenbij.sidcon.nl\/wp-content\/uploads\/2025\/07\/Foto-projecten-formaat-5.jpg\" class=\"attachment-full size-full wp-image-11025\" alt=\"\" srcset=\"https:\/\/werkenbij.sidcon.nl\/wp-content\/uploads\/2025\/07\/Foto-projecten-formaat-5.jpg 800w, https:\/\/werkenbij.sidcon.nl\/wp-content\/uploads\/2025\/07\/Foto-projecten-formaat-5-300x300.jpg 300w, https:\/\/werkenbij.sidcon.nl\/wp-content\/uploads\/2025\/07\/Foto-projecten-formaat-5-150x150.jpg 150w, https:\/\/werkenbij.sidcon.nl\/wp-content\/uploads\/2025\/07\/Foto-projecten-formaat-5-768x768.jpg 768w\" sizes=\"(max-width: 800px) 100vw, 800px\" \/>\t\t\t\t\t\t\t\t\t\t\t\t\t\t\t<\/div>\n\t\t\t\t<div class=\"elementor-element elementor-element-ec70bcc elementor-widget elementor-widget-heading\" data-id=\"ec70bcc\" data-element_type=\"widget\" data-e-type=\"widget\" data-widget_type=\"heading.default\">\n\t\t\t\t\t<h2 class=\"elementor-heading-title elementor-size-default\">Isnino Hassan Ali<\/h2>\t\t\t\t<\/div>\n\t\t\t\t<div class=\"elementor-element elementor-element-38296e6 elementor-widget elementor-widget-heading\" data-id=\"38296e6\" data-element_type=\"widget\" data-e-type=\"widget\" data-widget_type=\"heading.default\">\n\t\t\t\t\t<h2 class=\"elementor-heading-title elementor-size-default\">Charg\u00e9e de support<\/h2>\t\t\t\t<\/div>\n\t\t\t\t\t<\/div>\n\t\t\t\t<\/a>\n\t\t\t\t<\/div>\n\t\t\t\t<\/div>\n\t\t<\/div>\n\t\t\t\t\t<div class=\"swiper-pagination\"><\/div>\n\t\t\t\t\t\t<\/div>\n\t\t\t\t\t<\/div>\n\t\t\t\t<\/div>\n\t\t<div class=\"elementor-element elementor-element-0b80f0b elementor-hidden-desktop elementor-hidden-tablet e-flex e-con-boxed e-con e-parent\" data-id=\"0b80f0b\" data-element_type=\"container\" data-e-type=\"container\">\n\t\t\t\t\t<div class=\"e-con-inner\">\n\t\t\t\t<div class=\"elementor-element elementor-element-64d610a e-transform elementor-widget-divider--view-line elementor-widget elementor-widget-divider\" data-id=\"64d610a\" data-element_type=\"widget\" data-e-type=\"widget\" data-settings=\"{&quot;_transform_rotateZ_effect&quot;:{&quot;unit&quot;:&quot;px&quot;,&quot;size&quot;:90,&quot;sizes&quot;:[]},&quot;_transform_rotateZ_effect_tablet&quot;:{&quot;unit&quot;:&quot;deg&quot;,&quot;size&quot;:&quot;&quot;,&quot;sizes&quot;:[]},&quot;_transform_rotateZ_effect_mobile&quot;:{&quot;unit&quot;:&quot;deg&quot;,&quot;size&quot;:&quot;&quot;,&quot;sizes&quot;:[]}}\" data-widget_type=\"divider.default\">\n\t\t\t\t\t\t\t<div class=\"elementor-divider\">\n\t\t\t<span class=\"elementor-divider-separator\">\n\t\t\t\t\t\t<\/span>\n\t\t<\/div>\n\t\t\t\t\t\t<\/div>\n\t\t\t\t\t<\/div>\n\t\t\t\t<\/div>\n\t\t<div class=\"elementor-element elementor-element-0fef943 e-flex e-con-boxed e-con e-parent\" data-id=\"0fef943\" data-element_type=\"container\" data-e-type=\"container\" data-settings=\"{&quot;background_background&quot;:&quot;classic&quot;}\">\n\t\t\t\t\t<div class=\"e-con-inner\">\n\t\t<div class=\"elementor-element elementor-element-d4da4c6 e-con-full e-flex e-con e-child\" data-id=\"d4da4c6\" data-element_type=\"container\" data-e-type=\"container\">\n\t\t<div class=\"elementor-element elementor-element-a248f8f e-con-full e-flex e-con e-child\" data-id=\"a248f8f\" data-element_type=\"container\" data-e-type=\"container\">\n\t\t<div class=\"elementor-element elementor-element-d96e8b5 e-con-full e-flex e-con e-child\" data-id=\"d96e8b5\" data-element_type=\"container\" data-e-type=\"container\" data-settings=\"{&quot;background_background&quot;:&quot;classic&quot;}\">\n\t\t\t\t<div class=\"elementor-element elementor-element-179ad4d elementor-widget elementor-widget-heading\" data-id=\"179ad4d\" data-element_type=\"widget\" data-e-type=\"widget\" data-widget_type=\"heading.default\">\n\t\t\t\t\t<h2 class=\"elementor-heading-title elementor-size-default\">Envie de relever un nouveau d\u00e9fi\u2009?<\/h2>\t\t\t\t<\/div>\n\t\t\t\t<div class=\"elementor-element elementor-element-eb4b824 elementor-widget elementor-widget-heading\" data-id=\"eb4b824\" data-element_type=\"widget\" data-e-type=\"widget\" data-widget_type=\"heading.default\">\n\t\t\t\t\t<h3 class=\"elementor-heading-title elementor-size-default\">Venez renforcer notre \u00e9quipe <\/h3>\t\t\t\t<\/div>\n\t\t\t\t<div class=\"elementor-element elementor-element-81df48f elementor-widget elementor-widget-text-editor\" data-id=\"81df48f\" data-element_type=\"widget\" data-e-type=\"widget\" data-widget_type=\"text-editor.default\">\n\t\t\t\t\t\t\t\t\t<p>Vous souhaitez participer \u00e0 la construction de nos compacteurs enterr\u00e9s\u2009? Vous jouez un r\u00f4le crucial dans la production. Que vous pr\u00e9pariez chaque \u00e9tape avec pr\u00e9cision ou que vous travailliez vous-m\u00eame en atelier, vous collaborez, vous effectuez un travail de qualit\u00e9 et vous voyez chaque jour le fruit de vos efforts : des solutions intelligentes qui rendent les villes plus propres et plus agr\u00e9ables \u00e0 vivre.   <\/p>\t\t\t\t\t\t\t\t<\/div>\n\t\t\t\t<div class=\"elementor-element elementor-element-21ddfa9 elementor-widget elementor-widget-button\" data-id=\"21ddfa9\" data-element_type=\"widget\" data-e-type=\"widget\" data-widget_type=\"button.default\">\n\t\t\t\t\t\t\t\t\t\t<a class=\"elementor-button elementor-button-link elementor-size-sm\" href=\"https:\/\/werkenbij.sidcon.nl\/fr\/offres-demploi\/\">\n\t\t\t\t\t\t<span class=\"elementor-button-content-wrapper\">\n\t\t\t\t\t\t\t\t\t<span class=\"elementor-button-text\">Vers les offres d\u2019emploi<\/span>\n\t\t\t\t\t<\/span>\n\t\t\t\t\t<\/a>\n\t\t\t\t\t\t\t\t<\/div>\n\t\t\t\t<\/div>\n\t\t<div class=\"elementor-element elementor-element-316da12 e-con-full e-flex e-con e-child\" data-id=\"316da12\" data-element_type=\"container\" data-e-type=\"container\">\n\t\t\t\t<div class=\"elementor-element elementor-element-f017d9c elementor-widget elementor-widget-image\" data-id=\"f017d9c\" data-element_type=\"widget\" data-e-type=\"widget\" data-widget_type=\"image.default\">\n\t\t\t\t\t\t\t\t\t\t\t\t\t\t\t<img loading=\"lazy\" decoding=\"async\" width=\"800\" height=\"534\" src=\"https:\/\/werkenbij.sidcon.nl\/wp-content\/uploads\/2026\/01\/Sidcon-dec-2025-754-1024x683.jpg\" class=\"attachment-large size-large wp-image-10767\" alt=\"\" srcset=\"https:\/\/werkenbij.sidcon.nl\/wp-content\/uploads\/2026\/01\/Sidcon-dec-2025-754-1024x683.jpg 1024w, https:\/\/werkenbij.sidcon.nl\/wp-content\/uploads\/2026\/01\/Sidcon-dec-2025-754-300x200.jpg 300w, https:\/\/werkenbij.sidcon.nl\/wp-content\/uploads\/2026\/01\/Sidcon-dec-2025-754-768x512.jpg 768w, https:\/\/werkenbij.sidcon.nl\/wp-content\/uploads\/2026\/01\/Sidcon-dec-2025-754-1536x1024.jpg 1536w, https:\/\/werkenbij.sidcon.nl\/wp-content\/uploads\/2026\/01\/Sidcon-dec-2025-754.jpg 1600w\" sizes=\"(max-width: 800px) 100vw, 800px\" \/>\t\t\t\t\t\t\t\t\t\t\t\t\t\t\t<\/div>\n\t\t\t\t<\/div>\n\t\t\t\t<\/div>\n\t\t\t\t<\/div>\n\t\t\t\t\t<\/div>\n\t\t\t\t<\/div>\n\t\t\t\t<\/div>\n\t\t","protected":false},"excerpt":{"rendered":"<p>Pr\u00e9parateur des travaux Votre pr\u00e9paration fait la diff\u00e9rence En tant que pr\u00e9parateur des travaux, vous veillez \u00e0 ce que tout soit parfaitement organis\u00e9 avant le lancement de la production. Vous traduisez les demandes des clients en instructions claires, vous commandez les mat\u00e9riaux et vous vous assurez que tous les composants arrivent \u00e0 temps et au [&hellip;]<\/p>\n","protected":false},"author":3,"featured_media":0,"parent":0,"menu_order":0,"comment_status":"closed","ping_status":"closed","template":"","meta":{"_acf_changed":false,"footnotes":""},"class_list":["post-10768","page","type-page","status-publish","hentry"],"acf":[],"_links":{"self":[{"href":"https:\/\/werkenbij.sidcon.nl\/fr\/wp-json\/wp\/v2\/pages\/10768","targetHints":{"allow":["GET"]}}],"collection":[{"href":"https:\/\/werkenbij.sidcon.nl\/fr\/wp-json\/wp\/v2\/pages"}],"about":[{"href":"https:\/\/werkenbij.sidcon.nl\/fr\/wp-json\/wp\/v2\/types\/page"}],"author":[{"embeddable":true,"href":"https:\/\/werkenbij.sidcon.nl\/fr\/wp-json\/wp\/v2\/users\/3"}],"replies":[{"embeddable":true,"href":"https:\/\/werkenbij.sidcon.nl\/fr\/wp-json\/wp\/v2\/comments?post=10768"}],"version-history":[{"count":1,"href":"https:\/\/werkenbij.sidcon.nl\/fr\/wp-json\/wp\/v2\/pages\/10768\/revisions"}],"predecessor-version":[{"id":10774,"href":"https:\/\/werkenbij.sidcon.nl\/fr\/wp-json\/wp\/v2\/pages\/10768\/revisions\/10774"}],"wp:attachment":[{"href":"https:\/\/werkenbij.sidcon.nl\/fr\/wp-json\/wp\/v2\/media?parent=10768"}],"curies":[{"name":"wp","href":"https:\/\/api.w.org\/{rel}","templated":true}]}}