{"id":10759,"date":"2025-09-18T14:13:09","date_gmt":"2025-09-18T12:13:09","guid":{"rendered":"https:\/\/werkenbij.sidcon.nl\/ingenierie\/"},"modified":"2026-04-03T09:13:07","modified_gmt":"2026-04-03T07:13:07","slug":"ingenierie","status":"publish","type":"page","link":"https:\/\/werkenbij.sidcon.nl\/fr\/ingenierie\/","title":{"rendered":"Ing\u00e9nierie"},"content":{"rendered":"\t\t<div data-elementor-type=\"wp-page\" data-elementor-id=\"10759\" class=\"elementor elementor-10759 elementor-86\" data-elementor-post-type=\"page\">\n\t\t\t\t<div class=\"elementor-element elementor-element-af0309b e-flex e-con-boxed e-con e-parent\" data-id=\"af0309b\" data-element_type=\"container\" data-e-type=\"container\" data-settings=\"{&quot;background_background&quot;:&quot;classic&quot;}\">\n\t\t\t\t\t<div class=\"e-con-inner\">\n\t\t\t\t<div class=\"elementor-element elementor-element-b7d5c48 elementor-widget elementor-widget-heading\" data-id=\"b7d5c48\" data-element_type=\"widget\" data-e-type=\"widget\" data-widget_type=\"heading.default\">\n\t\t\t\t\t<p class=\"elementor-heading-title elementor-size-default\">Ing\u00e9nierie<\/p>\t\t\t\t<\/div>\n\t\t\t\t\t<\/div>\n\t\t\t\t<\/div>\n\t\t<div class=\"elementor-element elementor-element-820c555 e-flex e-con-boxed e-con e-parent\" data-id=\"820c555\" data-element_type=\"container\" data-e-type=\"container\" data-settings=\"{&quot;background_background&quot;:&quot;classic&quot;}\">\n\t\t\t\t\t<div class=\"e-con-inner\">\n\t\t<div class=\"elementor-element elementor-element-b55eb15 e-con-full e-flex e-con e-child\" data-id=\"b55eb15\" data-element_type=\"container\" data-e-type=\"container\">\n\t\t\t\t<div class=\"elementor-element elementor-element-5bb1a6d elementor-widget elementor-widget-heading\" data-id=\"5bb1a6d\" data-element_type=\"widget\" data-e-type=\"widget\" data-widget_type=\"heading.default\">\n\t\t\t\t\t<h2 class=\"elementor-heading-title elementor-size-default\">Environnement num\u00e9rique<\/h2>\t\t\t\t<\/div>\n\t\t\t\t<div class=\"elementor-element elementor-element-8af54ac elementor-widget elementor-widget-heading\" data-id=\"8af54ac\" data-element_type=\"widget\" data-e-type=\"widget\" data-widget_type=\"heading.default\">\n\t\t\t\t\t<h3 class=\"elementor-heading-title elementor-size-default\">Vous faites le lien entre les donn\u00e9es et le terrain<\/h3>\t\t\t\t<\/div>\n\t\t\t\t<div class=\"elementor-element elementor-element-aae17af elementor-widget elementor-widget-text-editor\" data-id=\"aae17af\" data-element_type=\"widget\" data-e-type=\"widget\" data-widget_type=\"text-editor.default\">\n\t\t\t\t\t\t\t\t\t<p>Au sein de notre environnement num\u00e9rique, vous vous concentrez sur notre syst\u00e8me de gestion, qui permet aux clients de suivre leurs compacteurs \u00e0 distance. Vous veillez \u00e0 ce que ce syst\u00e8me soit parfaitement int\u00e9gr\u00e9 chez chaque client, que les donn\u00e9es soient fiables et que tout communique correctement avec le logiciel embarqu\u00e9 dans le compacteur. Nous aidons ainsi les communes et les entreprises de collecte \u00e0 optimiser leurs tourn\u00e9es, \u00e0 rouler plus efficacement et \u00e0 planifier intelligemment la maintenance.  <\/p>\t\t\t\t\t\t\t\t<\/div>\n\t\t\t\t<\/div>\n\t\t<div class=\"elementor-element elementor-element-5b349cf e-con-full e-flex e-con e-child\" data-id=\"5b349cf\" data-element_type=\"container\" data-e-type=\"container\">\n\t\t\t\t<div class=\"elementor-element elementor-element-a6c630a elementor-widget elementor-widget-image\" data-id=\"a6c630a\" data-element_type=\"widget\" data-e-type=\"widget\" data-widget_type=\"image.default\">\n\t\t\t\t\t\t\t\t\t\t\t\t\t\t\t<img fetchpriority=\"high\" decoding=\"async\" width=\"800\" height=\"534\" src=\"https:\/\/werkenbij.sidcon.nl\/wp-content\/uploads\/2026\/01\/Sidcon-dec-2025-391-1024x683.jpg\" class=\"attachment-large size-large wp-image-10727\" alt=\"\" srcset=\"https:\/\/werkenbij.sidcon.nl\/wp-content\/uploads\/2026\/01\/Sidcon-dec-2025-391-1024x683.jpg 1024w, https:\/\/werkenbij.sidcon.nl\/wp-content\/uploads\/2026\/01\/Sidcon-dec-2025-391-300x200.jpg 300w, https:\/\/werkenbij.sidcon.nl\/wp-content\/uploads\/2026\/01\/Sidcon-dec-2025-391-768x512.jpg 768w, https:\/\/werkenbij.sidcon.nl\/wp-content\/uploads\/2026\/01\/Sidcon-dec-2025-391-1536x1024.jpg 1536w, https:\/\/werkenbij.sidcon.nl\/wp-content\/uploads\/2026\/01\/Sidcon-dec-2025-391.jpg 1600w\" sizes=\"(max-width: 800px) 100vw, 800px\" \/>\t\t\t\t\t\t\t\t\t\t\t\t\t\t\t<\/div>\n\t\t\t\t<\/div>\n\t\t\t\t\t<\/div>\n\t\t\t\t<\/div>\n\t\t<div class=\"elementor-element elementor-element-7273b85 e-flex e-con-boxed e-con e-parent\" data-id=\"7273b85\" data-element_type=\"container\" data-e-type=\"container\" data-settings=\"{&quot;background_background&quot;:&quot;classic&quot;}\">\n\t\t\t\t\t<div class=\"e-con-inner\">\n\t\t<div class=\"elementor-element elementor-element-36b43f7 e-con-full e-flex e-con e-child\" data-id=\"36b43f7\" data-element_type=\"container\" data-e-type=\"container\">\n\t\t\t\t<div class=\"elementor-element elementor-element-1152d4a elementor-widget elementor-widget-heading\" data-id=\"1152d4a\" data-element_type=\"widget\" data-e-type=\"widget\" data-widget_type=\"heading.default\">\n\t\t\t\t\t<h2 class=\"elementor-heading-title elementor-size-default\">D\u00e9veloppement de produits<\/h2>\t\t\t\t<\/div>\n\t\t\t\t<div class=\"elementor-element elementor-element-3bc3fc3 elementor-widget elementor-widget-heading\" data-id=\"3bc3fc3\" data-element_type=\"widget\" data-e-type=\"widget\" data-widget_type=\"heading.default\">\n\t\t\t\t\t<h3 class=\"elementor-heading-title elementor-size-default\">Toujours \u00e0 la recherche de solutions plus intelligentes et plus performantes<\/h3>\t\t\t\t<\/div>\n\t\t\t\t<div class=\"elementor-element elementor-element-5fb8c2e elementor-widget elementor-widget-text-editor\" data-id=\"5fb8c2e\" data-element_type=\"widget\" data-e-type=\"widget\" data-widget_type=\"text-editor.default\">\n\t\t\t\t\t\t\t\t\t<p>Nous fournissons des compacteurs enterr\u00e9s depuis 2008. On pourrait logiquement penser qu\u2019il est difficile de les am\u00e9liorer encore. Pourtant, c\u2019est tout l\u2019inverse. Nous recevons en permanence le feed-back de nos coll\u00e8gues de terrain et de nos clients : c\u2019est l\u00e0 que vous intervenez. Vous identifiez ce qui peut \u00eatre am\u00e9lior\u00e9 en termes d\u2019intelligence, de durabilit\u00e9 ou de convivialit\u00e9. Parfois, vous perfectionnez un d\u00e9tail\u2009; parfois, vous signez une fonctionnalit\u00e9 enti\u00e8rement nouvelle. Toujours avec un m\u00eame objectif : un compacteur encore plus durable et fiable.      <\/p>\t\t\t\t\t\t\t\t<\/div>\n\t\t\t\t<\/div>\n\t\t<div class=\"elementor-element elementor-element-a852119 e-con-full e-flex e-con e-child\" data-id=\"a852119\" data-element_type=\"container\" data-e-type=\"container\">\n\t\t\t\t<div class=\"elementor-element elementor-element-3f52a39 elementor-widget elementor-widget-image\" data-id=\"3f52a39\" data-element_type=\"widget\" data-e-type=\"widget\" data-widget_type=\"image.default\">\n\t\t\t\t\t\t\t\t\t\t\t\t\t\t\t<img decoding=\"async\" width=\"800\" height=\"450\" src=\"https:\/\/werkenbij.sidcon.nl\/wp-content\/uploads\/2025\/10\/Naamloos-8-1024x576.png\" class=\"attachment-large size-large wp-image-10757\" alt=\"\" srcset=\"https:\/\/werkenbij.sidcon.nl\/wp-content\/uploads\/2025\/10\/Naamloos-8-1024x576.png 1024w, https:\/\/werkenbij.sidcon.nl\/wp-content\/uploads\/2025\/10\/Naamloos-8-300x169.png 300w, https:\/\/werkenbij.sidcon.nl\/wp-content\/uploads\/2025\/10\/Naamloos-8-768x432.png 768w, https:\/\/werkenbij.sidcon.nl\/wp-content\/uploads\/2025\/10\/Naamloos-8-1536x864.png 1536w, https:\/\/werkenbij.sidcon.nl\/wp-content\/uploads\/2025\/10\/Naamloos-8.png 1920w\" sizes=\"(max-width: 800px) 100vw, 800px\" \/>\t\t\t\t\t\t\t\t\t\t\t\t\t\t\t<\/div>\n\t\t\t\t<\/div>\n\t\t\t\t\t<\/div>\n\t\t\t\t<\/div>\n\t\t<div class=\"elementor-element elementor-element-3aaeeb2 e-flex e-con-boxed e-con e-parent\" data-id=\"3aaeeb2\" data-element_type=\"container\" data-e-type=\"container\">\n\t\t\t\t\t<div class=\"e-con-inner\">\n\t\t\t\t<div class=\"elementor-element elementor-element-cab242c e-transform elementor-widget-divider--view-line elementor-widget elementor-widget-divider\" data-id=\"cab242c\" data-element_type=\"widget\" data-e-type=\"widget\" data-settings=\"{&quot;_transform_rotateZ_effect&quot;:{&quot;unit&quot;:&quot;px&quot;,&quot;size&quot;:90,&quot;sizes&quot;:[]},&quot;_transform_rotateZ_effect_tablet&quot;:{&quot;unit&quot;:&quot;deg&quot;,&quot;size&quot;:&quot;&quot;,&quot;sizes&quot;:[]},&quot;_transform_rotateZ_effect_mobile&quot;:{&quot;unit&quot;:&quot;deg&quot;,&quot;size&quot;:&quot;&quot;,&quot;sizes&quot;:[]}}\" data-widget_type=\"divider.default\">\n\t\t\t\t\t\t\t<div class=\"elementor-divider\">\n\t\t\t<span class=\"elementor-divider-separator\">\n\t\t\t\t\t\t<\/span>\n\t\t<\/div>\n\t\t\t\t\t\t<\/div>\n\t\t\t\t\t<\/div>\n\t\t\t\t<\/div>\n\t\t<div class=\"elementor-element elementor-element-6bb3950 elementor-hidden-desktop elementor-hidden-tablet e-flex e-con-boxed e-con e-parent\" data-id=\"6bb3950\" data-element_type=\"container\" data-e-type=\"container\">\n\t\t\t\t\t<div class=\"e-con-inner\">\n\t\t\t\t<div class=\"elementor-element elementor-element-246589b e-transform elementor-widget-divider--view-line elementor-widget elementor-widget-divider\" data-id=\"246589b\" data-element_type=\"widget\" data-e-type=\"widget\" data-settings=\"{&quot;_transform_rotateZ_effect&quot;:{&quot;unit&quot;:&quot;px&quot;,&quot;size&quot;:90,&quot;sizes&quot;:[]},&quot;_transform_rotateZ_effect_tablet&quot;:{&quot;unit&quot;:&quot;deg&quot;,&quot;size&quot;:&quot;&quot;,&quot;sizes&quot;:[]},&quot;_transform_rotateZ_effect_mobile&quot;:{&quot;unit&quot;:&quot;deg&quot;,&quot;size&quot;:&quot;&quot;,&quot;sizes&quot;:[]}}\" data-widget_type=\"divider.default\">\n\t\t\t\t\t\t\t<div class=\"elementor-divider\">\n\t\t\t<span class=\"elementor-divider-separator\">\n\t\t\t\t\t\t<\/span>\n\t\t<\/div>\n\t\t\t\t\t\t<\/div>\n\t\t\t\t\t<\/div>\n\t\t\t\t<\/div>\n\t\t<div class=\"elementor-element elementor-element-2169011 e-flex e-con-boxed e-con e-parent\" data-id=\"2169011\" data-element_type=\"container\" data-e-type=\"container\" data-settings=\"{&quot;background_background&quot;:&quot;classic&quot;}\">\n\t\t\t\t\t<div class=\"e-con-inner\">\n\t\t\t\t<div class=\"elementor-element elementor-element-ff3a16d elementor-pagination-type-bullets elementor-pagination-position-outside elementor-widget elementor-widget-loop-carousel\" data-id=\"ff3a16d\" data-element_type=\"widget\" data-e-type=\"widget\" data-settings=\"{&quot;template_id&quot;:10146,&quot;slides_to_show&quot;:&quot;1&quot;,&quot;image_spacing_custom&quot;:{&quot;unit&quot;:&quot;px&quot;,&quot;size&quot;:&quot;&quot;,&quot;sizes&quot;:[]},&quot;_skin&quot;:&quot;post&quot;,&quot;slides_to_show_tablet&quot;:&quot;2&quot;,&quot;slides_to_show_mobile&quot;:&quot;1&quot;,&quot;slides_to_scroll&quot;:&quot;1&quot;,&quot;edit_handle_selector&quot;:&quot;.elementor-loop-container&quot;,&quot;autoplay&quot;:&quot;yes&quot;,&quot;autoplay_speed&quot;:5000,&quot;pause_on_interaction&quot;:&quot;yes&quot;,&quot;infinite&quot;:&quot;yes&quot;,&quot;speed&quot;:500,&quot;offset_sides&quot;:&quot;none&quot;,&quot;pagination&quot;:&quot;bullets&quot;,&quot;image_spacing_custom_tablet&quot;:{&quot;unit&quot;:&quot;px&quot;,&quot;size&quot;:&quot;&quot;,&quot;sizes&quot;:[]},&quot;image_spacing_custom_mobile&quot;:{&quot;unit&quot;:&quot;px&quot;,&quot;size&quot;:&quot;&quot;,&quot;sizes&quot;:[]}}\" data-widget_type=\"loop-carousel.post\">\n\t\t\t\t\t\t\t<div class=\"swiper elementor-loop-container elementor-grid\" role=\"list\" dir=\"ltr\">\n\t\t\t\t<div class=\"swiper-wrapper\" aria-live=\"off\">\n\t\t<style id=\"loop-10146\">.elementor-10146 .elementor-element.elementor-element-8de4bec{--display:flex;--flex-direction:column;--container-widget-width:calc( ( 1 - var( --container-widget-flex-grow ) ) * 100% );--container-widget-height:initial;--container-widget-flex-grow:0;--container-widget-align-self:initial;--flex-wrap-mobile:wrap;--justify-content:flex-end;--align-items:center;--margin-top:0px;--margin-bottom:0px;--margin-left:0px;--margin-right:0px;--padding-top:0px;--padding-bottom:0px;--padding-left:0px;--padding-right:0px;}.elementor-10146 .elementor-element.elementor-element-8de4bec:not(.elementor-motion-effects-element-type-background), .elementor-10146 .elementor-element.elementor-element-8de4bec > .elementor-motion-effects-container > .elementor-motion-effects-layer{background-color:#FFFFFF;}.elementor-10146 .elementor-element.elementor-element-692d85b{text-align:center;}.elementor-10146 .elementor-element.elementor-element-692d85b .elementor-heading-title{font-size:35px;font-style:italic;line-height:44px;color:var( --e-global-color-text );}.elementor-10146 .elementor-element.elementor-element-e7ffb80 img{width:140px;height:140px;object-fit:cover;object-position:center center;border-radius:1000px 1000px 1000px 1000px;}.elementor-10146 .elementor-element.elementor-element-ec70bcc{text-align:center;}.elementor-10146 .elementor-element.elementor-element-ec70bcc .elementor-heading-title{color:var( --e-global-color-text );}.elementor-10146 .elementor-element.elementor-element-38296e6 .elementor-heading-title{font-size:16px;font-weight:400;color:var( --e-global-color-secondary );}.elementor-10146 .elementor-element.elementor-element-38296e6{margin:-13px 0px calc(var(--kit-widget-spacing, 0px) + 0px) 0px;}@media(max-width:1024px){.elementor-10146 .elementor-element.elementor-element-8de4bec{--padding-top:80px;--padding-bottom:80px;--padding-left:20px;--padding-right:20px;}}@media(min-width:768px){.elementor-10146 .elementor-element.elementor-element-8de4bec{--content-width:1000px;}}<\/style>\t\t<div data-elementor-type=\"loop-item\" data-elementor-id=\"10146\" class=\"elementor elementor-10146 swiper-slide e-loop-item e-loop-item-11051 post-11051 teamlid type-teamlid status-publish has-post-thumbnail hentry afdeling-engineering team-tag-met-verhaal\" data-elementor-post-type=\"elementor_library\" role=\"group\" aria-roledescription=\"slide\" data-custom-edit-handle=\"1\">\n\t\t\t<a class=\"elementor-element elementor-element-8de4bec e-flex e-con-boxed e-con e-parent\" data-id=\"8de4bec\" data-element_type=\"container\" data-e-type=\"container\" data-settings=\"{&quot;background_background&quot;:&quot;classic&quot;}\" href=\"https:\/\/werkenbij.sidcon.nl\/fr\/membre-de-l\u2019\u00e9quipe\/boris-ramakers\/\">\n\t\t\t\t\t<div class=\"e-con-inner\">\n\t\t\t\t<div class=\"elementor-element elementor-element-692d85b elementor-widget elementor-widget-heading\" data-id=\"692d85b\" data-element_type=\"widget\" data-e-type=\"widget\" data-widget_type=\"heading.default\">\n\t\t\t\t\t<h2 class=\"elementor-heading-title elementor-size-default\">\u00ab\u2009Le meilleur moment d\u2019une journ\u00e9e de travail, et en fait, un peu de toute ma carri\u00e8re, survient lorsque je parviens enfin \u00e0 r\u00e9soudre un probl\u00e8me qui m\u2019a longtemps pr\u00e9occup\u00e9.\u2009\u00bb<\/h2>\t\t\t\t<\/div>\n\t\t\t\t<div class=\"elementor-element elementor-element-e7ffb80 elementor-widget elementor-widget-image\" data-id=\"e7ffb80\" data-element_type=\"widget\" data-e-type=\"widget\" data-widget_type=\"image.default\">\n\t\t\t\t\t\t\t\t\t\t\t\t\t\t\t<img decoding=\"async\" width=\"1600\" height=\"1067\" src=\"https:\/\/werkenbij.sidcon.nl\/wp-content\/uploads\/2025\/09\/Sidcon-dec-2025-716.jpg\" class=\"attachment-full size-full wp-image-11056\" alt=\"\" srcset=\"https:\/\/werkenbij.sidcon.nl\/wp-content\/uploads\/2025\/09\/Sidcon-dec-2025-716.jpg 1600w, https:\/\/werkenbij.sidcon.nl\/wp-content\/uploads\/2025\/09\/Sidcon-dec-2025-716-300x200.jpg 300w, https:\/\/werkenbij.sidcon.nl\/wp-content\/uploads\/2025\/09\/Sidcon-dec-2025-716-1024x683.jpg 1024w, https:\/\/werkenbij.sidcon.nl\/wp-content\/uploads\/2025\/09\/Sidcon-dec-2025-716-768x512.jpg 768w, https:\/\/werkenbij.sidcon.nl\/wp-content\/uploads\/2025\/09\/Sidcon-dec-2025-716-1536x1024.jpg 1536w\" sizes=\"(max-width: 1600px) 100vw, 1600px\" \/>\t\t\t\t\t\t\t\t\t\t\t\t\t\t\t<\/div>\n\t\t\t\t<div class=\"elementor-element elementor-element-ec70bcc elementor-widget elementor-widget-heading\" data-id=\"ec70bcc\" data-element_type=\"widget\" data-e-type=\"widget\" data-widget_type=\"heading.default\">\n\t\t\t\t\t<h2 class=\"elementor-heading-title elementor-size-default\">Boris Ramakers<\/h2>\t\t\t\t<\/div>\n\t\t\t\t<div class=\"elementor-element elementor-element-38296e6 elementor-widget elementor-widget-heading\" data-id=\"38296e6\" data-element_type=\"widget\" data-e-type=\"widget\" data-widget_type=\"heading.default\">\n\t\t\t\t\t<h2 class=\"elementor-heading-title elementor-size-default\">Ing\u00e9nieur logiciel<\/h2>\t\t\t\t<\/div>\n\t\t\t\t\t<\/div>\n\t\t\t\t<\/a>\n\t\t\t\t<\/div>\n\t\t\t\t<\/div>\n\t\t<\/div>\n\t\t\t\t\t<div class=\"swiper-pagination\"><\/div>\n\t\t\t\t\t\t<\/div>\n\t\t\t\t\t<\/div>\n\t\t\t\t<\/div>\n\t\t<div class=\"elementor-element elementor-element-d075ce2 e-flex e-con-boxed e-con e-parent\" data-id=\"d075ce2\" data-element_type=\"container\" data-e-type=\"container\" data-settings=\"{&quot;background_background&quot;:&quot;classic&quot;}\">\n\t\t\t\t\t<div class=\"e-con-inner\">\n\t\t<div class=\"elementor-element elementor-element-8419280 e-con-full e-flex e-con e-child\" data-id=\"8419280\" data-element_type=\"container\" data-e-type=\"container\">\n\t\t<div class=\"elementor-element elementor-element-86cb9da e-con-full e-flex e-con e-child\" data-id=\"86cb9da\" data-element_type=\"container\" data-e-type=\"container\">\n\t\t<div class=\"elementor-element elementor-element-d1013ba e-con-full e-flex e-con e-child\" data-id=\"d1013ba\" data-element_type=\"container\" data-e-type=\"container\" data-settings=\"{&quot;background_background&quot;:&quot;classic&quot;}\">\n\t\t\t\t<div class=\"elementor-element elementor-element-117dc08 elementor-widget elementor-widget-heading\" data-id=\"117dc08\" data-element_type=\"widget\" data-e-type=\"widget\" data-widget_type=\"heading.default\">\n\t\t\t\t\t<h2 class=\"elementor-heading-title elementor-size-default\">Envie de relever un nouveau d\u00e9fi\u2009?<\/h2>\t\t\t\t<\/div>\n\t\t\t\t<div class=\"elementor-element elementor-element-5245e52 elementor-widget elementor-widget-heading\" data-id=\"5245e52\" data-element_type=\"widget\" data-e-type=\"widget\" data-widget_type=\"heading.default\">\n\t\t\t\t\t<h3 class=\"elementor-heading-title elementor-size-default\">Venez renforcer notre \u00e9quipe <\/h3>\t\t\t\t<\/div>\n\t\t\t\t<div class=\"elementor-element elementor-element-854d438 elementor-widget elementor-widget-text-editor\" data-id=\"854d438\" data-element_type=\"widget\" data-e-type=\"widget\" data-widget_type=\"text-editor.default\">\n\t\t\t\t\t\t\t\t\t<p>Vous souhaitez contribuer \u00e0 la technologie intelligente qui \u00e9quipe nos compacteurs enterr\u00e9s\u2009? Au sein du d\u00e9partement Ing\u00e9nierie, vous travaillerez sur l\u2019aspect num\u00e9rique et logiciel de nos produits. Gr\u00e2ce \u00e0 vos id\u00e9es et \u00e0 vos connaissances techniques, vous contribuerez chaque jour \u00e0 rendre Sidcon un peu plus intelligente, plus durable et plus efficace.  <\/p>\t\t\t\t\t\t\t\t<\/div>\n\t\t\t\t<div class=\"elementor-element elementor-element-10421f8 elementor-widget elementor-widget-button\" data-id=\"10421f8\" data-element_type=\"widget\" data-e-type=\"widget\" data-widget_type=\"button.default\">\n\t\t\t\t\t\t\t\t\t\t<a class=\"elementor-button elementor-button-link elementor-size-sm\" href=\"https:\/\/werkenbij.sidcon.nl\/fr\/offres-demploi\/\">\n\t\t\t\t\t\t<span class=\"elementor-button-content-wrapper\">\n\t\t\t\t\t\t\t\t\t<span class=\"elementor-button-text\">Vers les offres d\u2019emploi<\/span>\n\t\t\t\t\t<\/span>\n\t\t\t\t\t<\/a>\n\t\t\t\t\t\t\t\t<\/div>\n\t\t\t\t<\/div>\n\t\t<div class=\"elementor-element elementor-element-86a7602 e-con-full e-flex e-con e-child\" data-id=\"86a7602\" data-element_type=\"container\" data-e-type=\"container\">\n\t\t\t\t<div class=\"elementor-element elementor-element-a5f0c26 elementor-widget elementor-widget-image\" data-id=\"a5f0c26\" data-element_type=\"widget\" data-e-type=\"widget\" data-widget_type=\"image.default\">\n\t\t\t\t\t\t\t\t\t\t\t\t\t\t\t<img loading=\"lazy\" decoding=\"async\" width=\"800\" height=\"534\" src=\"https:\/\/werkenbij.sidcon.nl\/wp-content\/uploads\/2026\/01\/Sidcon-dec-2025-775-1024x683.jpg\" class=\"attachment-large size-large wp-image-10758\" alt=\"\" srcset=\"https:\/\/werkenbij.sidcon.nl\/wp-content\/uploads\/2026\/01\/Sidcon-dec-2025-775-1024x683.jpg 1024w, https:\/\/werkenbij.sidcon.nl\/wp-content\/uploads\/2026\/01\/Sidcon-dec-2025-775-300x200.jpg 300w, https:\/\/werkenbij.sidcon.nl\/wp-content\/uploads\/2026\/01\/Sidcon-dec-2025-775-768x512.jpg 768w, https:\/\/werkenbij.sidcon.nl\/wp-content\/uploads\/2026\/01\/Sidcon-dec-2025-775-1536x1024.jpg 1536w, https:\/\/werkenbij.sidcon.nl\/wp-content\/uploads\/2026\/01\/Sidcon-dec-2025-775-2048x1365.jpg 2048w\" sizes=\"(max-width: 800px) 100vw, 800px\" \/>\t\t\t\t\t\t\t\t\t\t\t\t\t\t\t<\/div>\n\t\t\t\t<\/div>\n\t\t\t\t<\/div>\n\t\t\t\t<\/div>\n\t\t\t\t\t<\/div>\n\t\t\t\t<\/div>\n\t\t\t\t<\/div>\n\t\t","protected":false},"excerpt":{"rendered":"<p>Vous concevez, am\u00e9liorez et optimisez nos compacteurs enterr\u00e9s, afin que les clients puissent toujours compter sur une solution durable et fiable.<\/p>\n","protected":false},"author":3,"featured_media":10729,"parent":0,"menu_order":4,"comment_status":"closed","ping_status":"closed","template":"","meta":{"_acf_changed":false,"footnotes":""},"class_list":["post-10759","page","type-page","status-publish","has-post-thumbnail","hentry"],"acf":[],"_links":{"self":[{"href":"https:\/\/werkenbij.sidcon.nl\/fr\/wp-json\/wp\/v2\/pages\/10759","targetHints":{"allow":["GET"]}}],"collection":[{"href":"https:\/\/werkenbij.sidcon.nl\/fr\/wp-json\/wp\/v2\/pages"}],"about":[{"href":"https:\/\/werkenbij.sidcon.nl\/fr\/wp-json\/wp\/v2\/types\/page"}],"author":[{"embeddable":true,"href":"https:\/\/werkenbij.sidcon.nl\/fr\/wp-json\/wp\/v2\/users\/3"}],"replies":[{"embeddable":true,"href":"https:\/\/werkenbij.sidcon.nl\/fr\/wp-json\/wp\/v2\/comments?post=10759"}],"version-history":[{"count":2,"href":"https:\/\/werkenbij.sidcon.nl\/fr\/wp-json\/wp\/v2\/pages\/10759\/revisions"}],"predecessor-version":[{"id":11135,"href":"https:\/\/werkenbij.sidcon.nl\/fr\/wp-json\/wp\/v2\/pages\/10759\/revisions\/11135"}],"wp:featuredmedia":[{"embeddable":true,"href":"https:\/\/werkenbij.sidcon.nl\/fr\/wp-json\/wp\/v2\/media\/10729"}],"wp:attachment":[{"href":"https:\/\/werkenbij.sidcon.nl\/fr\/wp-json\/wp\/v2\/media?parent=10759"}],"curies":[{"name":"wp","href":"https:\/\/api.w.org\/{rel}","templated":true}]}}