{"id":10750,"date":"2025-09-18T14:13:22","date_gmt":"2025-09-18T12:13:22","guid":{"rendered":"https:\/\/werkenbij.sidcon.nl\/commercial\/"},"modified":"2026-03-19T10:03:09","modified_gmt":"2026-03-19T09:03:09","slug":"commercial","status":"publish","type":"page","link":"https:\/\/werkenbij.sidcon.nl\/fr\/commercial\/","title":{"rendered":"Commercial"},"content":{"rendered":"\t\t<div data-elementor-type=\"wp-page\" data-elementor-id=\"10750\" class=\"elementor elementor-10750 elementor-87\" data-elementor-post-type=\"page\">\n\t\t\t\t<div class=\"elementor-element elementor-element-2156789 e-flex e-con-boxed e-con e-parent\" data-id=\"2156789\" data-element_type=\"container\" data-e-type=\"container\" data-settings=\"{&quot;background_background&quot;:&quot;classic&quot;}\">\n\t\t\t\t\t<div class=\"e-con-inner\">\n\t\t\t\t<div class=\"elementor-element elementor-element-78ec907 elementor-widget elementor-widget-heading\" data-id=\"78ec907\" data-element_type=\"widget\" data-e-type=\"widget\" data-widget_type=\"heading.default\">\n\t\t\t\t\t<p class=\"elementor-heading-title elementor-size-default\">Commercial<\/p>\t\t\t\t<\/div>\n\t\t\t\t\t<\/div>\n\t\t\t\t<\/div>\n\t\t<div class=\"elementor-element elementor-element-0e6d2fb e-flex e-con-boxed e-con e-parent\" data-id=\"0e6d2fb\" data-element_type=\"container\" data-e-type=\"container\" data-settings=\"{&quot;background_background&quot;:&quot;classic&quot;}\">\n\t\t\t\t\t<div class=\"e-con-inner\">\n\t\t<div class=\"elementor-element elementor-element-bf8fa83 e-con-full e-flex e-con e-child\" data-id=\"bf8fa83\" data-element_type=\"container\" data-e-type=\"container\">\n\t\t\t\t<div class=\"elementor-element elementor-element-04f0bd6 elementor-widget elementor-widget-heading\" data-id=\"04f0bd6\" data-element_type=\"widget\" data-e-type=\"widget\" data-widget_type=\"heading.default\">\n\t\t\t\t\t<h2 class=\"elementor-heading-title elementor-size-default\">Ventes<\/h2>\t\t\t\t<\/div>\n\t\t\t\t<div class=\"elementor-element elementor-element-403b3df elementor-widget elementor-widget-heading\" data-id=\"403b3df\" data-element_type=\"widget\" data-e-type=\"widget\" data-widget_type=\"heading.default\">\n\t\t\t\t\t<h3 class=\"elementor-heading-title elementor-size-default\">Votre discours est convaincant<\/h3>\t\t\t\t<\/div>\n\t\t\t\t<div class=\"elementor-element elementor-element-5009a82 elementor-widget elementor-widget-text-editor\" data-id=\"5009a82\" data-element_type=\"widget\" data-e-type=\"widget\" data-widget_type=\"text-editor.default\">\n\t\t\t\t\t\t\t\t\t<p>Dans votre r\u00f4le de collaborateur commercial, vous nouez un \u00e9troit dialogue avec les communes et les organisations dans le pays et \u00e0 l\u2019\u00e9tranger. Vous pr\u00e9sentez avec enthousiasme les avantages de nos compacteurs enterr\u00e9s et savez exactement comment pr\u00e9senter nos solutions de mani\u00e8re claire et convaincante. Vous r\u00e9pondez aux questions, r\u00e9fl\u00e9chissez \u00e0 des solutions adapt\u00e9es et \u00e9tablissez des relations durables avec les clients et les partenaires. Vous \u00eates tour \u00e0 tour en visite chez un client, sur un salon ou au bureau. Gr\u00e2ce \u00e0 vos connaissances et \u00e0 votre sens de la persuasion, vous contribuez activement \u00e0 la croissance de Sidcon.    <\/p>\t\t\t\t\t\t\t\t<\/div>\n\t\t\t\t<\/div>\n\t\t<div class=\"elementor-element elementor-element-dfa8239 e-con-full e-flex e-con e-child\" data-id=\"dfa8239\" data-element_type=\"container\" data-e-type=\"container\">\n\t\t\t\t<div class=\"elementor-element elementor-element-efe468c elementor-widget elementor-widget-image\" data-id=\"efe468c\" data-element_type=\"widget\" data-e-type=\"widget\" data-widget_type=\"image.default\">\n\t\t\t\t\t\t\t\t\t\t\t\t\t\t\t<img fetchpriority=\"high\" decoding=\"async\" width=\"800\" height=\"534\" src=\"https:\/\/werkenbij.sidcon.nl\/wp-content\/uploads\/2026\/01\/Sidcon-dec-2025-764-1024x683.jpg\" class=\"attachment-large size-large wp-image-10748\" alt=\"\" srcset=\"https:\/\/werkenbij.sidcon.nl\/wp-content\/uploads\/2026\/01\/Sidcon-dec-2025-764-1024x683.jpg 1024w, https:\/\/werkenbij.sidcon.nl\/wp-content\/uploads\/2026\/01\/Sidcon-dec-2025-764-300x200.jpg 300w, https:\/\/werkenbij.sidcon.nl\/wp-content\/uploads\/2026\/01\/Sidcon-dec-2025-764-768x512.jpg 768w, https:\/\/werkenbij.sidcon.nl\/wp-content\/uploads\/2026\/01\/Sidcon-dec-2025-764-1536x1024.jpg 1536w, https:\/\/werkenbij.sidcon.nl\/wp-content\/uploads\/2026\/01\/Sidcon-dec-2025-764.jpg 1600w\" sizes=\"(max-width: 800px) 100vw, 800px\" \/>\t\t\t\t\t\t\t\t\t\t\t\t\t\t\t<\/div>\n\t\t\t\t<\/div>\n\t\t\t\t\t<\/div>\n\t\t\t\t<\/div>\n\t\t<div class=\"elementor-element elementor-element-6ca2d57 e-flex e-con-boxed e-con e-parent\" data-id=\"6ca2d57\" data-element_type=\"container\" data-e-type=\"container\" data-settings=\"{&quot;background_background&quot;:&quot;classic&quot;}\">\n\t\t\t\t\t<div class=\"e-con-inner\">\n\t\t<div class=\"elementor-element elementor-element-a4ee2fe e-con-full e-flex e-con e-child\" data-id=\"a4ee2fe\" data-element_type=\"container\" data-e-type=\"container\">\n\t\t\t\t<div class=\"elementor-element elementor-element-1b4dfba elementor-widget elementor-widget-heading\" data-id=\"1b4dfba\" data-element_type=\"widget\" data-e-type=\"widget\" data-widget_type=\"heading.default\">\n\t\t\t\t\t<h2 class=\"elementor-heading-title elementor-size-default\">Marketing<\/h2>\t\t\t\t<\/div>\n\t\t\t\t<div class=\"elementor-element elementor-element-0562f17 elementor-widget elementor-widget-heading\" data-id=\"0562f17\" data-element_type=\"widget\" data-e-type=\"widget\" data-widget_type=\"heading.default\">\n\t\t\t\t\t<h3 class=\"elementor-heading-title elementor-size-default\">Vous racontez notre r\u00e9cit en ligne<\/h3>\t\t\t\t<\/div>\n\t\t\t\t<div class=\"elementor-element elementor-element-aba3756 elementor-widget elementor-widget-text-editor\" data-id=\"aba3756\" data-element_type=\"widget\" data-e-type=\"widget\" data-widget_type=\"text-editor.default\">\n\t\t\t\t\t\t\t\t\t<p>En tant que sp\u00e9cialiste du marketing, vous veillez \u00e0 la visibilit\u00e9 de Sidcon, aux Pays-Bas et \u00e0 l\u2019\u00e9tranger. Vous donnez vie \u00e0 notre r\u00e9cit \u00e0 travers un contenu percutant, des campagnes, des newsletters et les r\u00e9seaux sociaux. Vous organisez des salons o\u00f9 vous pr\u00e9sentez nos solutions \u00e0 un public international. Vous participez \u00e0 des campagnes pour diff\u00e9rents pays et veillez \u00e0 ce que de plus en plus de communes et d\u2019organisations connaissent Sidcon. Gr\u00e2ce \u00e0 votre approche cr\u00e9ative et strat\u00e9gique, notre notori\u00e9t\u00e9 et notre port\u00e9e ne cessent de cro\u00eetre.    <\/p>\t\t\t\t\t\t\t\t<\/div>\n\t\t\t\t<\/div>\n\t\t<div class=\"elementor-element elementor-element-e2f4a29 e-con-full e-flex e-con e-child\" data-id=\"e2f4a29\" data-element_type=\"container\" data-e-type=\"container\">\n\t\t\t\t<div class=\"elementor-element elementor-element-6740fe5 elementor-widget elementor-widget-image\" data-id=\"6740fe5\" data-element_type=\"widget\" data-e-type=\"widget\" data-widget_type=\"image.default\">\n\t\t\t\t\t\t\t\t\t\t\t\t\t\t\t<img decoding=\"async\" width=\"800\" height=\"534\" src=\"https:\/\/werkenbij.sidcon.nl\/wp-content\/uploads\/2026\/01\/Sidcon-dec-2025-784-1024x683.jpg\" class=\"attachment-large size-large wp-image-10749\" alt=\"\" srcset=\"https:\/\/werkenbij.sidcon.nl\/wp-content\/uploads\/2026\/01\/Sidcon-dec-2025-784-1024x683.jpg 1024w, https:\/\/werkenbij.sidcon.nl\/wp-content\/uploads\/2026\/01\/Sidcon-dec-2025-784-300x200.jpg 300w, https:\/\/werkenbij.sidcon.nl\/wp-content\/uploads\/2026\/01\/Sidcon-dec-2025-784-768x512.jpg 768w, https:\/\/werkenbij.sidcon.nl\/wp-content\/uploads\/2026\/01\/Sidcon-dec-2025-784-1536x1024.jpg 1536w, https:\/\/werkenbij.sidcon.nl\/wp-content\/uploads\/2026\/01\/Sidcon-dec-2025-784.jpg 1600w\" sizes=\"(max-width: 800px) 100vw, 800px\" \/>\t\t\t\t\t\t\t\t\t\t\t\t\t\t\t<\/div>\n\t\t\t\t<\/div>\n\t\t\t\t\t<\/div>\n\t\t\t\t<\/div>\n\t\t<div class=\"elementor-element elementor-element-e9909cc e-flex e-con-boxed e-con e-parent\" data-id=\"e9909cc\" data-element_type=\"container\" data-e-type=\"container\">\n\t\t\t\t\t<div class=\"e-con-inner\">\n\t\t\t\t<div class=\"elementor-element elementor-element-d69ee7a e-transform elementor-widget-divider--view-line elementor-widget elementor-widget-divider\" data-id=\"d69ee7a\" data-element_type=\"widget\" data-e-type=\"widget\" data-settings=\"{&quot;_transform_rotateZ_effect&quot;:{&quot;unit&quot;:&quot;px&quot;,&quot;size&quot;:90,&quot;sizes&quot;:[]},&quot;_transform_rotateZ_effect_tablet&quot;:{&quot;unit&quot;:&quot;deg&quot;,&quot;size&quot;:&quot;&quot;,&quot;sizes&quot;:[]},&quot;_transform_rotateZ_effect_mobile&quot;:{&quot;unit&quot;:&quot;deg&quot;,&quot;size&quot;:&quot;&quot;,&quot;sizes&quot;:[]}}\" data-widget_type=\"divider.default\">\n\t\t\t\t\t\t\t<div class=\"elementor-divider\">\n\t\t\t<span class=\"elementor-divider-separator\">\n\t\t\t\t\t\t<\/span>\n\t\t<\/div>\n\t\t\t\t\t\t<\/div>\n\t\t\t\t\t<\/div>\n\t\t\t\t<\/div>\n\t\t<div class=\"elementor-element elementor-element-8b1d914 elementor-hidden-desktop elementor-hidden-tablet e-flex e-con-boxed e-con e-parent\" data-id=\"8b1d914\" data-element_type=\"container\" data-e-type=\"container\">\n\t\t\t\t\t<div class=\"e-con-inner\">\n\t\t\t\t<div class=\"elementor-element elementor-element-9b78d51 e-transform elementor-widget-divider--view-line elementor-widget elementor-widget-divider\" data-id=\"9b78d51\" data-element_type=\"widget\" data-e-type=\"widget\" data-settings=\"{&quot;_transform_rotateZ_effect&quot;:{&quot;unit&quot;:&quot;px&quot;,&quot;size&quot;:90,&quot;sizes&quot;:[]},&quot;_transform_rotateZ_effect_tablet&quot;:{&quot;unit&quot;:&quot;deg&quot;,&quot;size&quot;:&quot;&quot;,&quot;sizes&quot;:[]},&quot;_transform_rotateZ_effect_mobile&quot;:{&quot;unit&quot;:&quot;deg&quot;,&quot;size&quot;:&quot;&quot;,&quot;sizes&quot;:[]}}\" data-widget_type=\"divider.default\">\n\t\t\t\t\t\t\t<div class=\"elementor-divider\">\n\t\t\t<span class=\"elementor-divider-separator\">\n\t\t\t\t\t\t<\/span>\n\t\t<\/div>\n\t\t\t\t\t\t<\/div>\n\t\t\t\t\t<\/div>\n\t\t\t\t<\/div>\n\t\t<div class=\"elementor-element elementor-element-5fbd0f0 e-flex e-con-boxed e-con e-parent\" data-id=\"5fbd0f0\" data-element_type=\"container\" data-e-type=\"container\" data-settings=\"{&quot;background_background&quot;:&quot;classic&quot;}\">\n\t\t\t\t\t<div class=\"e-con-inner\">\n\t\t\t\t<div class=\"elementor-element elementor-element-dbb0892 elementor-pagination-type-bullets elementor-pagination-position-outside elementor-widget elementor-widget-loop-carousel\" data-id=\"dbb0892\" data-element_type=\"widget\" data-e-type=\"widget\" data-settings=\"{&quot;template_id&quot;:10146,&quot;slides_to_show&quot;:&quot;1&quot;,&quot;image_spacing_custom&quot;:{&quot;unit&quot;:&quot;px&quot;,&quot;size&quot;:&quot;&quot;,&quot;sizes&quot;:[]},&quot;_skin&quot;:&quot;post&quot;,&quot;slides_to_show_tablet&quot;:&quot;2&quot;,&quot;slides_to_show_mobile&quot;:&quot;1&quot;,&quot;slides_to_scroll&quot;:&quot;1&quot;,&quot;edit_handle_selector&quot;:&quot;.elementor-loop-container&quot;,&quot;autoplay&quot;:&quot;yes&quot;,&quot;autoplay_speed&quot;:5000,&quot;pause_on_interaction&quot;:&quot;yes&quot;,&quot;infinite&quot;:&quot;yes&quot;,&quot;speed&quot;:500,&quot;offset_sides&quot;:&quot;none&quot;,&quot;pagination&quot;:&quot;bullets&quot;,&quot;image_spacing_custom_tablet&quot;:{&quot;unit&quot;:&quot;px&quot;,&quot;size&quot;:&quot;&quot;,&quot;sizes&quot;:[]},&quot;image_spacing_custom_mobile&quot;:{&quot;unit&quot;:&quot;px&quot;,&quot;size&quot;:&quot;&quot;,&quot;sizes&quot;:[]}}\" data-widget_type=\"loop-carousel.post\">\n\t\t\t\t\t\t\t<div class=\"swiper elementor-loop-container elementor-grid\" role=\"list\" dir=\"ltr\">\n\t\t\t\t<div class=\"swiper-wrapper\" aria-live=\"off\">\n\t\t<style id=\"loop-10146\">.elementor-10146 .elementor-element.elementor-element-8de4bec{--display:flex;--flex-direction:column;--container-widget-width:calc( ( 1 - var( --container-widget-flex-grow ) ) * 100% );--container-widget-height:initial;--container-widget-flex-grow:0;--container-widget-align-self:initial;--flex-wrap-mobile:wrap;--justify-content:flex-end;--align-items:center;--margin-top:0px;--margin-bottom:0px;--margin-left:0px;--margin-right:0px;--padding-top:0px;--padding-bottom:0px;--padding-left:0px;--padding-right:0px;}.elementor-10146 .elementor-element.elementor-element-8de4bec:not(.elementor-motion-effects-element-type-background), .elementor-10146 .elementor-element.elementor-element-8de4bec > .elementor-motion-effects-container > .elementor-motion-effects-layer{background-color:#FFFFFF;}.elementor-10146 .elementor-element.elementor-element-692d85b{text-align:center;}.elementor-10146 .elementor-element.elementor-element-692d85b .elementor-heading-title{font-size:35px;font-style:italic;line-height:44px;color:var( --e-global-color-text );}.elementor-10146 .elementor-element.elementor-element-e7ffb80 img{width:140px;height:140px;object-fit:cover;object-position:center center;border-radius:1000px 1000px 1000px 1000px;}.elementor-10146 .elementor-element.elementor-element-ec70bcc{text-align:center;}.elementor-10146 .elementor-element.elementor-element-ec70bcc .elementor-heading-title{color:var( --e-global-color-text );}.elementor-10146 .elementor-element.elementor-element-38296e6 .elementor-heading-title{font-size:16px;font-weight:400;color:var( --e-global-color-secondary );}.elementor-10146 .elementor-element.elementor-element-38296e6{margin:-13px 0px calc(var(--kit-widget-spacing, 0px) + 0px) 0px;}@media(max-width:1024px){.elementor-10146 .elementor-element.elementor-element-8de4bec{--padding-top:80px;--padding-bottom:80px;--padding-left:20px;--padding-right:20px;}}@media(min-width:768px){.elementor-10146 .elementor-element.elementor-element-8de4bec{--content-width:1000px;}}<\/style>\t\t<div data-elementor-type=\"loop-item\" data-elementor-id=\"10146\" class=\"elementor elementor-10146 swiper-slide e-loop-item e-loop-item-11001 post-11001 teamlid type-teamlid status-publish has-post-thumbnail hentry afdeling-commercieel team-tag-met-verhaal\" data-elementor-post-type=\"elementor_library\" role=\"group\" aria-roledescription=\"slide\" data-custom-edit-handle=\"1\">\n\t\t\t<a class=\"elementor-element elementor-element-8de4bec e-flex e-con-boxed e-con e-parent\" data-id=\"8de4bec\" data-element_type=\"container\" data-e-type=\"container\" data-settings=\"{&quot;background_background&quot;:&quot;classic&quot;}\" href=\"https:\/\/werkenbij.sidcon.nl\/fr\/membre-de-l\u2019\u00e9quipe\/chloe-bakker\/\">\n\t\t\t\t\t<div class=\"e-con-inner\">\n\t\t\t\t<div class=\"elementor-element elementor-element-692d85b elementor-widget elementor-widget-heading\" data-id=\"692d85b\" data-element_type=\"widget\" data-e-type=\"widget\" data-widget_type=\"heading.default\">\n\t\t\t\t\t<h2 class=\"elementor-heading-title elementor-size-default\">\u00ab\u2009Le fait d\u2019apporter ma contribution \u00e0 l\u2019entreprise. Et le fait que l\u2019entreprise contribue \u00e0 son tour \u00e0 un monde meilleur. \u00bb <\/h2>\t\t\t\t<\/div>\n\t\t\t\t<div class=\"elementor-element elementor-element-e7ffb80 elementor-widget elementor-widget-image\" data-id=\"e7ffb80\" data-element_type=\"widget\" data-e-type=\"widget\" data-widget_type=\"image.default\">\n\t\t\t\t\t\t\t\t\t\t\t\t\t\t\t<img decoding=\"async\" width=\"800\" height=\"800\" src=\"https:\/\/werkenbij.sidcon.nl\/wp-content\/uploads\/2025\/07\/Foto-projecten-formaat-3-1.jpg\" class=\"attachment-full size-full wp-image-10728\" alt=\"\" srcset=\"https:\/\/werkenbij.sidcon.nl\/wp-content\/uploads\/2025\/07\/Foto-projecten-formaat-3-1.jpg 800w, https:\/\/werkenbij.sidcon.nl\/wp-content\/uploads\/2025\/07\/Foto-projecten-formaat-3-1-300x300.jpg 300w, https:\/\/werkenbij.sidcon.nl\/wp-content\/uploads\/2025\/07\/Foto-projecten-formaat-3-1-150x150.jpg 150w, https:\/\/werkenbij.sidcon.nl\/wp-content\/uploads\/2025\/07\/Foto-projecten-formaat-3-1-768x768.jpg 768w\" sizes=\"(max-width: 800px) 100vw, 800px\" \/>\t\t\t\t\t\t\t\t\t\t\t\t\t\t\t<\/div>\n\t\t\t\t<div class=\"elementor-element elementor-element-ec70bcc elementor-widget elementor-widget-heading\" data-id=\"ec70bcc\" data-element_type=\"widget\" data-e-type=\"widget\" data-widget_type=\"heading.default\">\n\t\t\t\t\t<h2 class=\"elementor-heading-title elementor-size-default\">Chlo\u00eb Bakker<\/h2>\t\t\t\t<\/div>\n\t\t\t\t<div class=\"elementor-element elementor-element-38296e6 elementor-widget elementor-widget-heading\" data-id=\"38296e6\" data-element_type=\"widget\" data-e-type=\"widget\" data-widget_type=\"heading.default\">\n\t\t\t\t\t<h2 class=\"elementor-heading-title elementor-size-default\">Marketeur<\/h2>\t\t\t\t<\/div>\n\t\t\t\t\t<\/div>\n\t\t\t\t<\/a>\n\t\t\t\t<\/div>\n\t\t\t\t<div data-elementor-type=\"loop-item\" data-elementor-id=\"10146\" class=\"elementor elementor-10146 swiper-slide e-loop-item e-loop-item-10944 post-10944 teamlid type-teamlid status-publish has-post-thumbnail hentry afdeling-commercieel team-tag-met-verhaal\" data-elementor-post-type=\"elementor_library\" role=\"group\" aria-roledescription=\"slide\" data-custom-edit-handle=\"1\">\n\t\t\t<a class=\"elementor-element elementor-element-8de4bec e-flex e-con-boxed e-con e-parent\" data-id=\"8de4bec\" data-element_type=\"container\" data-e-type=\"container\" data-settings=\"{&quot;background_background&quot;:&quot;classic&quot;}\" href=\"https:\/\/werkenbij.sidcon.nl\/fr\/membre-de-l\u2019\u00e9quipe\/edwin-oosterveld\/\">\n\t\t\t\t\t<div class=\"e-con-inner\">\n\t\t\t\t<div class=\"elementor-element elementor-element-692d85b elementor-widget elementor-widget-heading\" data-id=\"692d85b\" data-element_type=\"widget\" data-e-type=\"widget\" data-widget_type=\"heading.default\">\n\t\t\t\t\t<h2 class=\"elementor-heading-title elementor-size-default\">\u00ab Je m\u2019efforce d\u2019effectuer chaque jour une action qui profitera \u00e0 Sidcon sur le long terme. \u00bb<\/h2>\t\t\t\t<\/div>\n\t\t\t\t<div class=\"elementor-element elementor-element-e7ffb80 elementor-widget elementor-widget-image\" data-id=\"e7ffb80\" data-element_type=\"widget\" data-e-type=\"widget\" data-widget_type=\"image.default\">\n\t\t\t\t\t\t\t\t\t\t\t\t\t\t\t<img loading=\"lazy\" decoding=\"async\" width=\"800\" height=\"800\" src=\"https:\/\/werkenbij.sidcon.nl\/wp-content\/uploads\/2025\/07\/Foto-projecten-formaat-4-1.jpg\" class=\"attachment-full size-full wp-image-10948\" alt=\"\" srcset=\"https:\/\/werkenbij.sidcon.nl\/wp-content\/uploads\/2025\/07\/Foto-projecten-formaat-4-1.jpg 800w, https:\/\/werkenbij.sidcon.nl\/wp-content\/uploads\/2025\/07\/Foto-projecten-formaat-4-1-300x300.jpg 300w, https:\/\/werkenbij.sidcon.nl\/wp-content\/uploads\/2025\/07\/Foto-projecten-formaat-4-1-150x150.jpg 150w, https:\/\/werkenbij.sidcon.nl\/wp-content\/uploads\/2025\/07\/Foto-projecten-formaat-4-1-768x768.jpg 768w\" sizes=\"(max-width: 800px) 100vw, 800px\" \/>\t\t\t\t\t\t\t\t\t\t\t\t\t\t\t<\/div>\n\t\t\t\t<div class=\"elementor-element elementor-element-ec70bcc elementor-widget elementor-widget-heading\" data-id=\"ec70bcc\" data-element_type=\"widget\" data-e-type=\"widget\" data-widget_type=\"heading.default\">\n\t\t\t\t\t<h2 class=\"elementor-heading-title elementor-size-default\">Edwin Oosterveld<\/h2>\t\t\t\t<\/div>\n\t\t\t\t<div class=\"elementor-element elementor-element-38296e6 elementor-widget elementor-widget-heading\" data-id=\"38296e6\" data-element_type=\"widget\" data-e-type=\"widget\" data-widget_type=\"heading.default\">\n\t\t\t\t\t<h2 class=\"elementor-heading-title elementor-size-default\">Marketeur<\/h2>\t\t\t\t<\/div>\n\t\t\t\t\t<\/div>\n\t\t\t\t<\/a>\n\t\t\t\t<\/div>\n\t\t\t\t<\/div>\n\t\t<\/div>\n\t\t\t\t\t<div class=\"swiper-pagination\"><\/div>\n\t\t\t\t\t\t<\/div>\n\t\t\t\t\t<\/div>\n\t\t\t\t<\/div>\n\t\t<div class=\"elementor-element elementor-element-bc49b63 e-flex e-con-boxed e-con e-parent\" data-id=\"bc49b63\" data-element_type=\"container\" data-e-type=\"container\" data-settings=\"{&quot;background_background&quot;:&quot;classic&quot;}\">\n\t\t\t\t\t<div class=\"e-con-inner\">\n\t\t<div class=\"elementor-element elementor-element-d65ab8e e-con-full e-flex e-con e-child\" data-id=\"d65ab8e\" data-element_type=\"container\" data-e-type=\"container\">\n\t\t<div class=\"elementor-element elementor-element-bb19dfa e-con-full e-flex e-con e-child\" data-id=\"bb19dfa\" data-element_type=\"container\" data-e-type=\"container\">\n\t\t<div class=\"elementor-element elementor-element-9a94ade e-con-full e-flex e-con e-child\" data-id=\"9a94ade\" data-element_type=\"container\" data-e-type=\"container\" data-settings=\"{&quot;background_background&quot;:&quot;classic&quot;}\">\n\t\t\t\t<div class=\"elementor-element elementor-element-2a45441 elementor-widget elementor-widget-heading\" data-id=\"2a45441\" data-element_type=\"widget\" data-e-type=\"widget\" data-widget_type=\"heading.default\">\n\t\t\t\t\t<h2 class=\"elementor-heading-title elementor-size-default\">Envie de relever un nouveau d\u00e9fi\u2009?<\/h2>\t\t\t\t<\/div>\n\t\t\t\t<div class=\"elementor-element elementor-element-3f4aa51 elementor-widget elementor-widget-heading\" data-id=\"3f4aa51\" data-element_type=\"widget\" data-e-type=\"widget\" data-widget_type=\"heading.default\">\n\t\t\t\t\t<h3 class=\"elementor-heading-title elementor-size-default\">Venez renforcer notre \u00e9quipe <\/h3>\t\t\t\t<\/div>\n\t\t\t\t<div class=\"elementor-element elementor-element-8b22ad3 elementor-widget elementor-widget-text-editor\" data-id=\"8b22ad3\" data-element_type=\"widget\" data-e-type=\"widget\" data-widget_type=\"text-editor.default\">\n\t\t\t\t\t\t\t\t\t<p>Vous souhaitez enthousiasmer les communes pour nos solutions intelligentes de gestion des d\u00e9chets ou renforcer la pr\u00e9sence en ligne de Sidcon\u2009? Au sein de nos \u00e9quipes de ventes et marketing, vous contribuerez au d\u00e9veloppement de Sidcon aux Pays-Bas et au-del\u00e0. Que vous aimiez le contact avec les clients ou la cr\u00e9ation de campagnes percutantes en ligne, votre contribution aura un impact direct sur la visibilit\u00e9 et l\u2019expansion de Sidcon.   <\/p>\t\t\t\t\t\t\t\t<\/div>\n\t\t\t\t<div class=\"elementor-element elementor-element-d00418c elementor-widget elementor-widget-button\" data-id=\"d00418c\" data-element_type=\"widget\" data-e-type=\"widget\" data-widget_type=\"button.default\">\n\t\t\t\t\t\t\t\t\t\t<a class=\"elementor-button elementor-button-link elementor-size-sm\" href=\"https:\/\/werkenbij.sidcon.nl\/fr\/offres-demploi\/\">\n\t\t\t\t\t\t<span class=\"elementor-button-content-wrapper\">\n\t\t\t\t\t\t\t\t\t<span class=\"elementor-button-text\">Vers les offres d\u2019emploi<\/span>\n\t\t\t\t\t<\/span>\n\t\t\t\t\t<\/a>\n\t\t\t\t\t\t\t\t<\/div>\n\t\t\t\t<\/div>\n\t\t<div class=\"elementor-element elementor-element-a76d43f e-con-full e-flex e-con e-child\" data-id=\"a76d43f\" data-element_type=\"container\" data-e-type=\"container\">\n\t\t\t\t<div class=\"elementor-element elementor-element-11f032c elementor-widget elementor-widget-image\" data-id=\"11f032c\" data-element_type=\"widget\" data-e-type=\"widget\" data-widget_type=\"image.default\">\n\t\t\t\t\t\t\t\t\t\t\t\t\t\t\t<img loading=\"lazy\" decoding=\"async\" width=\"800\" height=\"534\" src=\"https:\/\/werkenbij.sidcon.nl\/wp-content\/uploads\/2025\/10\/MG_8957-1024x683.jpg\" class=\"attachment-large size-large wp-image-10733\" alt=\"\" srcset=\"https:\/\/werkenbij.sidcon.nl\/wp-content\/uploads\/2025\/10\/MG_8957-1024x683.jpg 1024w, https:\/\/werkenbij.sidcon.nl\/wp-content\/uploads\/2025\/10\/MG_8957-300x200.jpg 300w, https:\/\/werkenbij.sidcon.nl\/wp-content\/uploads\/2025\/10\/MG_8957-768x512.jpg 768w, https:\/\/werkenbij.sidcon.nl\/wp-content\/uploads\/2025\/10\/MG_8957-1536x1024.jpg 1536w, https:\/\/werkenbij.sidcon.nl\/wp-content\/uploads\/2025\/10\/MG_8957-2048x1365.jpg 2048w\" sizes=\"(max-width: 800px) 100vw, 800px\" \/>\t\t\t\t\t\t\t\t\t\t\t\t\t\t\t<\/div>\n\t\t\t\t<\/div>\n\t\t\t\t<\/div>\n\t\t\t\t<\/div>\n\t\t\t\t\t<\/div>\n\t\t\t\t<\/div>\n\t\t\t\t<\/div>\n\t\t","protected":false},"excerpt":{"rendered":"<p>En votre qualit\u00e9 de collaborateur commercial, vous suscitez l\u2019int\u00e9r\u00eat des communes pour les compacteurs et vous avez r\u00e9ponse \u00e0 toutes les questions. En tant que sp\u00e9cialiste du marketing, vous assurez notre visibilit\u00e9 via notre contenu et notre site web.  <\/p>\n","protected":false},"author":3,"featured_media":10736,"parent":0,"menu_order":3,"comment_status":"closed","ping_status":"closed","template":"","meta":{"_acf_changed":false,"footnotes":""},"class_list":["post-10750","page","type-page","status-publish","has-post-thumbnail","hentry"],"acf":[],"_links":{"self":[{"href":"https:\/\/werkenbij.sidcon.nl\/fr\/wp-json\/wp\/v2\/pages\/10750","targetHints":{"allow":["GET"]}}],"collection":[{"href":"https:\/\/werkenbij.sidcon.nl\/fr\/wp-json\/wp\/v2\/pages"}],"about":[{"href":"https:\/\/werkenbij.sidcon.nl\/fr\/wp-json\/wp\/v2\/types\/page"}],"author":[{"embeddable":true,"href":"https:\/\/werkenbij.sidcon.nl\/fr\/wp-json\/wp\/v2\/users\/3"}],"replies":[{"embeddable":true,"href":"https:\/\/werkenbij.sidcon.nl\/fr\/wp-json\/wp\/v2\/comments?post=10750"}],"version-history":[{"count":1,"href":"https:\/\/werkenbij.sidcon.nl\/fr\/wp-json\/wp\/v2\/pages\/10750\/revisions"}],"predecessor-version":[{"id":10755,"href":"https:\/\/werkenbij.sidcon.nl\/fr\/wp-json\/wp\/v2\/pages\/10750\/revisions\/10755"}],"wp:featuredmedia":[{"embeddable":true,"href":"https:\/\/werkenbij.sidcon.nl\/fr\/wp-json\/wp\/v2\/media\/10736"}],"wp:attachment":[{"href":"https:\/\/werkenbij.sidcon.nl\/fr\/wp-json\/wp\/v2\/media?parent=10750"}],"curies":[{"name":"wp","href":"https:\/\/api.w.org\/{rel}","templated":true}]}}