{"id":10746,"date":"2025-09-18T14:11:33","date_gmt":"2025-09-18T12:11:33","guid":{"rendered":"https:\/\/werkenbij.sidcon.nl\/entretien-et-maintenance\/"},"modified":"2026-03-19T09:58:49","modified_gmt":"2026-03-19T08:58:49","slug":"entretien-et-maintenance","status":"publish","type":"page","link":"https:\/\/werkenbij.sidcon.nl\/fr\/entretien-et-maintenance\/","title":{"rendered":"Entretien et maintenance"},"content":{"rendered":"\t\t<div data-elementor-type=\"wp-page\" data-elementor-id=\"10746\" class=\"elementor elementor-10746 elementor-77\" data-elementor-post-type=\"page\">\n\t\t\t\t<div class=\"elementor-element elementor-element-ad007ff e-flex e-con-boxed e-con e-parent\" data-id=\"ad007ff\" data-element_type=\"container\" data-e-type=\"container\" data-settings=\"{&quot;background_background&quot;:&quot;classic&quot;}\">\n\t\t\t\t\t<div class=\"e-con-inner\">\n\t\t\t\t<div class=\"elementor-element elementor-element-d34ee24 elementor-widget elementor-widget-heading\" data-id=\"d34ee24\" data-element_type=\"widget\" data-e-type=\"widget\" data-widget_type=\"heading.default\">\n\t\t\t\t\t<p class=\"elementor-heading-title elementor-size-default\">Entretien et maintenance<\/p>\t\t\t\t<\/div>\n\t\t\t\t\t<\/div>\n\t\t\t\t<\/div>\n\t\t<div class=\"elementor-element elementor-element-fb95bfe e-flex e-con-boxed e-con e-parent\" data-id=\"fb95bfe\" data-element_type=\"container\" data-e-type=\"container\" data-settings=\"{&quot;background_background&quot;:&quot;classic&quot;}\">\n\t\t\t\t\t<div class=\"e-con-inner\">\n\t\t<div class=\"elementor-element elementor-element-3c15042 e-con-full e-flex e-con e-child\" data-id=\"3c15042\" data-element_type=\"container\" data-e-type=\"container\">\n\t\t\t\t<div class=\"elementor-element elementor-element-2c2ea1d elementor-widget elementor-widget-heading\" data-id=\"2c2ea1d\" data-element_type=\"widget\" data-e-type=\"widget\" data-widget_type=\"heading.default\">\n\t\t\t\t\t<h2 class=\"elementor-heading-title elementor-size-default\">Service interne<\/h2>\t\t\t\t<\/div>\n\t\t\t\t<div class=\"elementor-element elementor-element-3179b24 elementor-widget elementor-widget-heading\" data-id=\"3179b24\" data-element_type=\"widget\" data-e-type=\"widget\" data-widget_type=\"heading.default\">\n\t\t\t\t\t<h3 class=\"elementor-heading-title elementor-size-default\">Toujours joignable<\/h3>\t\t\t\t<\/div>\n\t\t\t\t<div class=\"elementor-element elementor-element-dd9c418 elementor-widget elementor-widget-text-editor\" data-id=\"dd9c418\" data-element_type=\"widget\" data-e-type=\"widget\" data-widget_type=\"text-editor.default\">\n\t\t\t\t\t\t\t\t\t<p>En votre qualit\u00e9 de membre du service interne, vous \u00eates le point de contact central pour tout ce qui concerne nos compacteurs enterr\u00e9s. Depuis le bureau, vous suivez avec pr\u00e9cision l\u2019\u00e9tat de centaines d\u2019installations dans le pays et \u00e0 l\u2019\u00e9tranger gr\u00e2ce \u00e0 notre syst\u00e8me de surveillance en ligne. Vous signalez rapidement les dysfonctionnements, planifiez les interventions de maintenance de mani\u00e8re efficace et veillez \u00e0 ce que les bons techniciens partent sur le terrain avec les bonnes informations. Gr\u00e2ce \u00e0 votre vision d\u2019ensemble, vos connaissances techniques et votre rigueur, l\u2019ensemble du syst\u00e8me continue de fonctionner sans accroc.   <\/p>\t\t\t\t\t\t\t\t<\/div>\n\t\t\t\t<\/div>\n\t\t<div class=\"elementor-element elementor-element-459a0d5 e-con-full e-flex e-con e-child\" data-id=\"459a0d5\" data-element_type=\"container\" data-e-type=\"container\">\n\t\t\t\t<div class=\"elementor-element elementor-element-f8f2b69 elementor-widget elementor-widget-image\" data-id=\"f8f2b69\" data-element_type=\"widget\" data-e-type=\"widget\" data-widget_type=\"image.default\">\n\t\t\t\t\t\t\t\t\t\t\t\t\t\t\t<img fetchpriority=\"high\" decoding=\"async\" width=\"800\" height=\"534\" src=\"https:\/\/werkenbij.sidcon.nl\/wp-content\/uploads\/2026\/01\/Sidcon-dec-2025-319-1024x683.jpg\" class=\"attachment-large size-large wp-image-10744\" alt=\"\" srcset=\"https:\/\/werkenbij.sidcon.nl\/wp-content\/uploads\/2026\/01\/Sidcon-dec-2025-319-1024x683.jpg 1024w, https:\/\/werkenbij.sidcon.nl\/wp-content\/uploads\/2026\/01\/Sidcon-dec-2025-319-300x200.jpg 300w, https:\/\/werkenbij.sidcon.nl\/wp-content\/uploads\/2026\/01\/Sidcon-dec-2025-319-768x512.jpg 768w, https:\/\/werkenbij.sidcon.nl\/wp-content\/uploads\/2026\/01\/Sidcon-dec-2025-319-1536x1024.jpg 1536w, https:\/\/werkenbij.sidcon.nl\/wp-content\/uploads\/2026\/01\/Sidcon-dec-2025-319.jpg 1600w\" sizes=\"(max-width: 800px) 100vw, 800px\" \/>\t\t\t\t\t\t\t\t\t\t\t\t\t\t\t<\/div>\n\t\t\t\t<\/div>\n\t\t\t\t\t<\/div>\n\t\t\t\t<\/div>\n\t\t<div class=\"elementor-element elementor-element-92c43e9 e-flex e-con-boxed e-con e-parent\" data-id=\"92c43e9\" data-element_type=\"container\" data-e-type=\"container\" data-settings=\"{&quot;background_background&quot;:&quot;classic&quot;}\">\n\t\t\t\t\t<div class=\"e-con-inner\">\n\t\t<div class=\"elementor-element elementor-element-d4aa0a7 e-con-full e-flex e-con e-child\" data-id=\"d4aa0a7\" data-element_type=\"container\" data-e-type=\"container\">\n\t\t\t\t<div class=\"elementor-element elementor-element-18631ab elementor-widget elementor-widget-heading\" data-id=\"18631ab\" data-element_type=\"widget\" data-e-type=\"widget\" data-widget_type=\"heading.default\">\n\t\t\t\t\t<h2 class=\"elementor-heading-title elementor-size-default\">\u00c9quipe mobile<\/h2>\t\t\t\t<\/div>\n\t\t\t\t<div class=\"elementor-element elementor-element-f1e5487 elementor-widget elementor-widget-heading\" data-id=\"f1e5487\" data-element_type=\"widget\" data-e-type=\"widget\" data-widget_type=\"heading.default\">\n\t\t\t\t\t<h3 class=\"elementor-heading-title elementor-size-default\">\u00c0 travers toute l\u2019Europe<\/h3>\t\t\t\t<\/div>\n\t\t\t\t<div class=\"elementor-element elementor-element-954432f elementor-widget elementor-widget-text-editor\" data-id=\"954432f\" data-element_type=\"widget\" data-e-type=\"widget\" data-widget_type=\"text-editor.default\">\n\t\t\t\t\t\t\t\t\t<p>En tant que technicien de maintenance, vous \u00eates le visage de Sidcon sur le terrain. Vous sillonnez les Pays-Bas (parfois au-del\u00e0) pour installer, entretenir et r\u00e9parer nos compacteurs. Aucune journ\u00e9e ne se ressemble : un jour, vous effectuez une maintenance pr\u00e9ventive dans un centre-ville historique\u2009; le lendemain, vous r\u00e9solvez une panne sur un site de collecte tr\u00e8s fr\u00e9quent\u00e9. Vous travaillez de mani\u00e8re autonome, en \u00e9troite collaboration avec le service interne. Gr\u00e2ce \u00e0 votre expertise technique et \u00e0 votre esprit orient\u00e9 solutions, chaque compacteur fonctionne de mani\u00e8re fiable et vous contribuez directement \u00e0 la satisfaction des clients et \u00e0 la propret\u00e9 des villes.    <\/p>\t\t\t\t\t\t\t\t<\/div>\n\t\t\t\t<\/div>\n\t\t<div class=\"elementor-element elementor-element-fb4d593 e-con-full e-flex e-con e-child\" data-id=\"fb4d593\" data-element_type=\"container\" data-e-type=\"container\">\n\t\t\t\t<div class=\"elementor-element elementor-element-836e8dd elementor-widget elementor-widget-image\" data-id=\"836e8dd\" data-element_type=\"widget\" data-e-type=\"widget\" data-widget_type=\"image.default\">\n\t\t\t\t\t\t\t\t\t\t\t\t\t\t\t<img decoding=\"async\" width=\"800\" height=\"420\" src=\"https:\/\/werkenbij.sidcon.nl\/wp-content\/uploads\/2025\/09\/Foto_voorbeeld_1-1024x538.jpg\" class=\"attachment-large size-large wp-image-10725\" alt=\"\" srcset=\"https:\/\/werkenbij.sidcon.nl\/wp-content\/uploads\/2025\/09\/Foto_voorbeeld_1-1024x538.jpg 1024w, https:\/\/werkenbij.sidcon.nl\/wp-content\/uploads\/2025\/09\/Foto_voorbeeld_1-300x158.jpg 300w, https:\/\/werkenbij.sidcon.nl\/wp-content\/uploads\/2025\/09\/Foto_voorbeeld_1-768x403.jpg 768w, https:\/\/werkenbij.sidcon.nl\/wp-content\/uploads\/2025\/09\/Foto_voorbeeld_1-1536x806.jpg 1536w, https:\/\/werkenbij.sidcon.nl\/wp-content\/uploads\/2025\/09\/Foto_voorbeeld_1.jpg 2000w\" sizes=\"(max-width: 800px) 100vw, 800px\" \/>\t\t\t\t\t\t\t\t\t\t\t\t\t\t\t<\/div>\n\t\t\t\t<\/div>\n\t\t\t\t\t<\/div>\n\t\t\t\t<\/div>\n\t\t<div class=\"elementor-element elementor-element-5a73369 e-flex e-con-boxed e-con e-parent\" data-id=\"5a73369\" data-element_type=\"container\" data-e-type=\"container\">\n\t\t\t\t\t<div class=\"e-con-inner\">\n\t\t\t\t<div class=\"elementor-element elementor-element-dbb4fd8 e-transform elementor-widget-divider--view-line elementor-widget elementor-widget-divider\" data-id=\"dbb4fd8\" data-element_type=\"widget\" data-e-type=\"widget\" data-settings=\"{&quot;_transform_rotateZ_effect&quot;:{&quot;unit&quot;:&quot;px&quot;,&quot;size&quot;:90,&quot;sizes&quot;:[]},&quot;_transform_rotateZ_effect_tablet&quot;:{&quot;unit&quot;:&quot;deg&quot;,&quot;size&quot;:&quot;&quot;,&quot;sizes&quot;:[]},&quot;_transform_rotateZ_effect_mobile&quot;:{&quot;unit&quot;:&quot;deg&quot;,&quot;size&quot;:&quot;&quot;,&quot;sizes&quot;:[]}}\" data-widget_type=\"divider.default\">\n\t\t\t\t\t\t\t<div class=\"elementor-divider\">\n\t\t\t<span class=\"elementor-divider-separator\">\n\t\t\t\t\t\t<\/span>\n\t\t<\/div>\n\t\t\t\t\t\t<\/div>\n\t\t\t\t\t<\/div>\n\t\t\t\t<\/div>\n\t\t<div class=\"elementor-element elementor-element-dcf569c e-flex e-con-boxed e-con e-parent\" data-id=\"dcf569c\" data-element_type=\"container\" data-e-type=\"container\" data-settings=\"{&quot;background_background&quot;:&quot;classic&quot;}\">\n\t\t\t\t\t<div class=\"e-con-inner\">\n\t\t\t\t<div class=\"elementor-element elementor-element-898b9f1 elementor-pagination-type-bullets elementor-pagination-position-outside elementor-widget elementor-widget-loop-carousel\" data-id=\"898b9f1\" data-element_type=\"widget\" data-e-type=\"widget\" data-settings=\"{&quot;template_id&quot;:10146,&quot;slides_to_show&quot;:&quot;1&quot;,&quot;image_spacing_custom&quot;:{&quot;unit&quot;:&quot;px&quot;,&quot;size&quot;:&quot;&quot;,&quot;sizes&quot;:[]},&quot;_skin&quot;:&quot;post&quot;,&quot;slides_to_show_tablet&quot;:&quot;2&quot;,&quot;slides_to_show_mobile&quot;:&quot;1&quot;,&quot;slides_to_scroll&quot;:&quot;1&quot;,&quot;edit_handle_selector&quot;:&quot;.elementor-loop-container&quot;,&quot;autoplay&quot;:&quot;yes&quot;,&quot;autoplay_speed&quot;:5000,&quot;pause_on_interaction&quot;:&quot;yes&quot;,&quot;infinite&quot;:&quot;yes&quot;,&quot;speed&quot;:500,&quot;offset_sides&quot;:&quot;none&quot;,&quot;pagination&quot;:&quot;bullets&quot;,&quot;image_spacing_custom_tablet&quot;:{&quot;unit&quot;:&quot;px&quot;,&quot;size&quot;:&quot;&quot;,&quot;sizes&quot;:[]},&quot;image_spacing_custom_mobile&quot;:{&quot;unit&quot;:&quot;px&quot;,&quot;size&quot;:&quot;&quot;,&quot;sizes&quot;:[]}}\" data-widget_type=\"loop-carousel.post\">\n\t\t\t\t\t\t\t<div class=\"swiper elementor-loop-container elementor-grid\" role=\"list\" dir=\"ltr\">\n\t\t\t\t<div class=\"swiper-wrapper\" aria-live=\"off\">\n\t\t<style id=\"loop-10146\">.elementor-10146 .elementor-element.elementor-element-8de4bec{--display:flex;--flex-direction:column;--container-widget-width:calc( ( 1 - var( --container-widget-flex-grow ) ) * 100% );--container-widget-height:initial;--container-widget-flex-grow:0;--container-widget-align-self:initial;--flex-wrap-mobile:wrap;--justify-content:flex-end;--align-items:center;--margin-top:0px;--margin-bottom:0px;--margin-left:0px;--margin-right:0px;--padding-top:0px;--padding-bottom:0px;--padding-left:0px;--padding-right:0px;}.elementor-10146 .elementor-element.elementor-element-8de4bec:not(.elementor-motion-effects-element-type-background), .elementor-10146 .elementor-element.elementor-element-8de4bec > .elementor-motion-effects-container > .elementor-motion-effects-layer{background-color:#FFFFFF;}.elementor-10146 .elementor-element.elementor-element-692d85b{text-align:center;}.elementor-10146 .elementor-element.elementor-element-692d85b .elementor-heading-title{font-size:35px;font-style:italic;line-height:44px;color:var( --e-global-color-text );}.elementor-10146 .elementor-element.elementor-element-e7ffb80 img{width:140px;height:140px;object-fit:cover;object-position:center center;border-radius:1000px 1000px 1000px 1000px;}.elementor-10146 .elementor-element.elementor-element-ec70bcc{text-align:center;}.elementor-10146 .elementor-element.elementor-element-ec70bcc .elementor-heading-title{color:var( --e-global-color-text );}.elementor-10146 .elementor-element.elementor-element-38296e6 .elementor-heading-title{font-size:16px;font-weight:400;color:var( --e-global-color-secondary );}.elementor-10146 .elementor-element.elementor-element-38296e6{margin:-13px 0px calc(var(--kit-widget-spacing, 0px) + 0px) 0px;}@media(max-width:1024px){.elementor-10146 .elementor-element.elementor-element-8de4bec{--padding-top:80px;--padding-bottom:80px;--padding-left:20px;--padding-right:20px;}}@media(min-width:768px){.elementor-10146 .elementor-element.elementor-element-8de4bec{--content-width:1000px;}}<\/style>\t\t<div data-elementor-type=\"loop-item\" data-elementor-id=\"10146\" class=\"elementor elementor-10146 swiper-slide e-loop-item e-loop-item-11067 post-11067 teamlid type-teamlid status-publish has-post-thumbnail hentry afdeling-service team-tag-met-verhaal\" data-elementor-post-type=\"elementor_library\" role=\"group\" aria-roledescription=\"slide\" data-custom-edit-handle=\"1\">\n\t\t\t<a class=\"elementor-element elementor-element-8de4bec e-flex e-con-boxed e-con e-parent\" data-id=\"8de4bec\" data-element_type=\"container\" data-e-type=\"container\" data-settings=\"{&quot;background_background&quot;:&quot;classic&quot;}\" href=\"https:\/\/werkenbij.sidcon.nl\/fr\/membre-de-l\u2019\u00e9quipe\/maria-nillessen\/\">\n\t\t\t\t\t<div class=\"e-con-inner\">\n\t\t\t\t<div class=\"elementor-element elementor-element-692d85b elementor-widget elementor-widget-heading\" data-id=\"692d85b\" data-element_type=\"widget\" data-e-type=\"widget\" data-widget_type=\"heading.default\">\n\t\t\t\t\t<h2 class=\"elementor-heading-title elementor-size-default\">\u00ab\u2009il faut savoir r\u00e9agir rapidement et garder une vue d\u2019ensemble. Il faut pouvoir, en un coup d\u2019\u0153il, se dire : le technicien est l\u00e0, la panne est ici\u2026 Est-ce tout pr\u00e8s\u2009? Et en combien de temps pouvons-nous \u00eatre sur place\u2009? \u00bb <\/h2>\t\t\t\t<\/div>\n\t\t\t\t<div class=\"elementor-element elementor-element-e7ffb80 elementor-widget elementor-widget-image\" data-id=\"e7ffb80\" data-element_type=\"widget\" data-e-type=\"widget\" data-widget_type=\"image.default\">\n\t\t\t\t\t\t\t\t\t\t\t\t\t\t\t<img decoding=\"async\" width=\"800\" height=\"800\" src=\"https:\/\/werkenbij.sidcon.nl\/wp-content\/uploads\/2025\/08\/Foto-projecten-formaat-8.png\" class=\"attachment-full size-full wp-image-11073\" alt=\"\" srcset=\"https:\/\/werkenbij.sidcon.nl\/wp-content\/uploads\/2025\/08\/Foto-projecten-formaat-8.png 800w, https:\/\/werkenbij.sidcon.nl\/wp-content\/uploads\/2025\/08\/Foto-projecten-formaat-8-300x300.png 300w, https:\/\/werkenbij.sidcon.nl\/wp-content\/uploads\/2025\/08\/Foto-projecten-formaat-8-150x150.png 150w, https:\/\/werkenbij.sidcon.nl\/wp-content\/uploads\/2025\/08\/Foto-projecten-formaat-8-768x768.png 768w\" sizes=\"(max-width: 800px) 100vw, 800px\" \/>\t\t\t\t\t\t\t\t\t\t\t\t\t\t\t<\/div>\n\t\t\t\t<div class=\"elementor-element elementor-element-ec70bcc elementor-widget elementor-widget-heading\" data-id=\"ec70bcc\" data-element_type=\"widget\" data-e-type=\"widget\" data-widget_type=\"heading.default\">\n\t\t\t\t\t<h2 class=\"elementor-heading-title elementor-size-default\">Maria Nillessen<\/h2>\t\t\t\t<\/div>\n\t\t\t\t<div class=\"elementor-element elementor-element-38296e6 elementor-widget elementor-widget-heading\" data-id=\"38296e6\" data-element_type=\"widget\" data-e-type=\"widget\" data-widget_type=\"heading.default\">\n\t\t\t\t\t<h2 class=\"elementor-heading-title elementor-size-default\">Coordonnatrice de service<\/h2>\t\t\t\t<\/div>\n\t\t\t\t\t<\/div>\n\t\t\t\t<\/a>\n\t\t\t\t<\/div>\n\t\t\t\t<\/div>\n\t\t<\/div>\n\t\t\t\t\t<div class=\"swiper-pagination\"><\/div>\n\t\t\t\t\t\t<\/div>\n\t\t\t\t\t<\/div>\n\t\t\t\t<\/div>\n\t\t<div class=\"elementor-element elementor-element-df866f0 elementor-hidden-desktop elementor-hidden-tablet e-flex e-con-boxed e-con e-parent\" data-id=\"df866f0\" data-element_type=\"container\" data-e-type=\"container\">\n\t\t\t\t\t<div class=\"e-con-inner\">\n\t\t\t\t<div class=\"elementor-element elementor-element-33529ed e-transform elementor-widget-divider--view-line elementor-widget elementor-widget-divider\" data-id=\"33529ed\" data-element_type=\"widget\" data-e-type=\"widget\" data-settings=\"{&quot;_transform_rotateZ_effect&quot;:{&quot;unit&quot;:&quot;px&quot;,&quot;size&quot;:90,&quot;sizes&quot;:[]},&quot;_transform_rotateZ_effect_tablet&quot;:{&quot;unit&quot;:&quot;deg&quot;,&quot;size&quot;:&quot;&quot;,&quot;sizes&quot;:[]},&quot;_transform_rotateZ_effect_mobile&quot;:{&quot;unit&quot;:&quot;deg&quot;,&quot;size&quot;:&quot;&quot;,&quot;sizes&quot;:[]}}\" data-widget_type=\"divider.default\">\n\t\t\t\t\t\t\t<div class=\"elementor-divider\">\n\t\t\t<span class=\"elementor-divider-separator\">\n\t\t\t\t\t\t<\/span>\n\t\t<\/div>\n\t\t\t\t\t\t<\/div>\n\t\t\t\t\t<\/div>\n\t\t\t\t<\/div>\n\t\t<div class=\"elementor-element elementor-element-6534a9d e-flex e-con-boxed e-con e-parent\" data-id=\"6534a9d\" data-element_type=\"container\" data-e-type=\"container\" data-settings=\"{&quot;background_background&quot;:&quot;classic&quot;}\">\n\t\t\t\t\t<div class=\"e-con-inner\">\n\t\t<div class=\"elementor-element elementor-element-c394a00 e-con-full e-flex e-con e-child\" data-id=\"c394a00\" data-element_type=\"container\" data-e-type=\"container\">\n\t\t<div class=\"elementor-element elementor-element-64f27d8 e-con-full e-flex e-con e-child\" data-id=\"64f27d8\" data-element_type=\"container\" data-e-type=\"container\">\n\t\t<div class=\"elementor-element elementor-element-8baf005 e-con-full e-flex e-con e-child\" data-id=\"8baf005\" data-element_type=\"container\" data-e-type=\"container\" data-settings=\"{&quot;background_background&quot;:&quot;classic&quot;}\">\n\t\t\t\t<div class=\"elementor-element elementor-element-4d51974 elementor-widget elementor-widget-heading\" data-id=\"4d51974\" data-element_type=\"widget\" data-e-type=\"widget\" data-widget_type=\"heading.default\">\n\t\t\t\t\t<h2 class=\"elementor-heading-title elementor-size-default\">Envie de relever un nouveau d\u00e9fi\u2009?<\/h2>\t\t\t\t<\/div>\n\t\t\t\t<div class=\"elementor-element elementor-element-0bc9899 elementor-widget elementor-widget-heading\" data-id=\"0bc9899\" data-element_type=\"widget\" data-e-type=\"widget\" data-widget_type=\"heading.default\">\n\t\t\t\t\t<h3 class=\"elementor-heading-title elementor-size-default\">Venez renforcer notre \u00e9quipe <\/h3>\t\t\t\t<\/div>\n\t\t\t\t<div class=\"elementor-element elementor-element-7b5b087 elementor-widget elementor-widget-text-editor\" data-id=\"7b5b087\" data-element_type=\"widget\" data-e-type=\"widget\" data-widget_type=\"text-editor.default\">\n\t\t\t\t\t\t\t\t\t<p>Vous souhaitez vous assurer que nos compacteurs continuent de fonctionner de mani\u00e8re optimale partout\u2009? Relevez le d\u00e9fi au sein de notre \u00e9quipe d\u2019entretien et de maintenance\u2009! Que vous suiviez les dysfonctionnements et organisiez les interventions depuis le bureau, ou que vous parcouriez le pays en tant que technicien pour assurer l\u2019entretien et les r\u00e9parations, vous contribuez ensemble \u00e0 garder les villes propres et \u00e0 offrir \u00e0 nos clients des solutions sur lesquelles ils peuvent vraiment compter.   <\/p>\t\t\t\t\t\t\t\t<\/div>\n\t\t\t\t<div class=\"elementor-element elementor-element-e0217d2 elementor-widget elementor-widget-button\" data-id=\"e0217d2\" data-element_type=\"widget\" data-e-type=\"widget\" data-widget_type=\"button.default\">\n\t\t\t\t\t\t\t\t\t\t<a class=\"elementor-button elementor-button-link elementor-size-sm\" href=\"https:\/\/werkenbij.sidcon.nl\/fr\/offres-demploi\/\">\n\t\t\t\t\t\t<span class=\"elementor-button-content-wrapper\">\n\t\t\t\t\t\t\t\t\t<span class=\"elementor-button-text\">Vers les offres d\u2019emploi<\/span>\n\t\t\t\t\t<\/span>\n\t\t\t\t\t<\/a>\n\t\t\t\t\t\t\t\t<\/div>\n\t\t\t\t<\/div>\n\t\t<div class=\"elementor-element elementor-element-6620d1f e-con-full e-flex e-con e-child\" data-id=\"6620d1f\" data-element_type=\"container\" data-e-type=\"container\">\n\t\t\t\t<div class=\"elementor-element elementor-element-f46f28e elementor-widget elementor-widget-image\" data-id=\"f46f28e\" data-element_type=\"widget\" data-e-type=\"widget\" data-widget_type=\"image.default\">\n\t\t\t\t\t\t\t\t\t\t\t\t\t\t\t<img loading=\"lazy\" decoding=\"async\" width=\"800\" height=\"425\" src=\"https:\/\/werkenbij.sidcon.nl\/wp-content\/uploads\/2025\/09\/Sidscon_BAS-TRUCK-e1758272266976-1024x544.webp\" class=\"attachment-large size-large wp-image-10736\" alt=\"\" srcset=\"https:\/\/werkenbij.sidcon.nl\/wp-content\/uploads\/2025\/09\/Sidscon_BAS-TRUCK-e1758272266976-1024x544.webp 1024w, https:\/\/werkenbij.sidcon.nl\/wp-content\/uploads\/2025\/09\/Sidscon_BAS-TRUCK-e1758272266976-300x159.webp 300w, https:\/\/werkenbij.sidcon.nl\/wp-content\/uploads\/2025\/09\/Sidscon_BAS-TRUCK-e1758272266976-768x408.webp 768w, https:\/\/werkenbij.sidcon.nl\/wp-content\/uploads\/2025\/09\/Sidscon_BAS-TRUCK-e1758272266976-1536x817.webp 1536w, https:\/\/werkenbij.sidcon.nl\/wp-content\/uploads\/2025\/09\/Sidscon_BAS-TRUCK-e1758272266976.webp 2024w\" sizes=\"(max-width: 800px) 100vw, 800px\" \/>\t\t\t\t\t\t\t\t\t\t\t\t\t\t\t<\/div>\n\t\t\t\t<\/div>\n\t\t\t\t<\/div>\n\t\t\t\t<\/div>\n\t\t\t\t\t<\/div>\n\t\t\t\t<\/div>\n\t\t\t\t<\/div>\n\t\t","protected":false},"excerpt":{"rendered":"<p> Als onderdeel van team service en onderhoud ben jij verantwoordelijk voor het draaiende houden van de perscontainer. Op kantoor alles in de gaten houden of de hele dag op pad om te sleutelen. Samen zorgen jullie dat de pers optimaal werkt.   <\/p>\n","protected":false},"author":3,"featured_media":10736,"parent":0,"menu_order":2,"comment_status":"closed","ping_status":"closed","template":"","meta":{"_acf_changed":false,"footnotes":""},"class_list":["post-10746","page","type-page","status-publish","has-post-thumbnail","hentry"],"acf":[],"_links":{"self":[{"href":"https:\/\/werkenbij.sidcon.nl\/fr\/wp-json\/wp\/v2\/pages\/10746","targetHints":{"allow":["GET"]}}],"collection":[{"href":"https:\/\/werkenbij.sidcon.nl\/fr\/wp-json\/wp\/v2\/pages"}],"about":[{"href":"https:\/\/werkenbij.sidcon.nl\/fr\/wp-json\/wp\/v2\/types\/page"}],"author":[{"embeddable":true,"href":"https:\/\/werkenbij.sidcon.nl\/fr\/wp-json\/wp\/v2\/users\/3"}],"replies":[{"embeddable":true,"href":"https:\/\/werkenbij.sidcon.nl\/fr\/wp-json\/wp\/v2\/comments?post=10746"}],"version-history":[{"count":1,"href":"https:\/\/werkenbij.sidcon.nl\/fr\/wp-json\/wp\/v2\/pages\/10746\/revisions"}],"predecessor-version":[{"id":10747,"href":"https:\/\/werkenbij.sidcon.nl\/fr\/wp-json\/wp\/v2\/pages\/10746\/revisions\/10747"}],"wp:featuredmedia":[{"embeddable":true,"href":"https:\/\/werkenbij.sidcon.nl\/fr\/wp-json\/wp\/v2\/media\/10736"}],"wp:attachment":[{"href":"https:\/\/werkenbij.sidcon.nl\/fr\/wp-json\/wp\/v2\/media?parent=10746"}],"curies":[{"name":"wp","href":"https:\/\/api.w.org\/{rel}","templated":true}]}}